{"id":88,"date":"2016-11-07T16:16:25","date_gmt":"2016-11-07T15:16:25","guid":{"rendered":"http:\/\/sebu.ing.uni.wroc.pl\/?page_id=88"},"modified":"2021-12-31T13:54:21","modified_gmt":"2021-12-31T12:54:21","slug":"kontakt","status":"publish","type":"page","link":"https:\/\/sebu.ing.uni.wroc.pl\/index.php\/kontakt\/","title":{"rendered":"Kontakt"},"content":{"rendered":"<table width=\"100%\">\n<tbody>\n<tr>\n<td>\n<p style=\"margin: 0cm 0cm 0.0001pt; line-height: 150%; text-align: left;\"><strong>dr hab. Sebastian Buczy\u0144ski<\/strong><b><br \/>\n<\/b>Uniwersytet Wroc\u0142awski<\/p>\n<p style=\"margin: 0cm 0cm 0.0001pt; line-height: 150%; text-align: left;\">Wydzia\u0142 Nauk o Ziemi i Kszta\u0142towania \u015arodowiska<\/p>\n<p style=\"margin: 0cm 0cm 0.0001pt; line-height: 150%; text-align: left;\">Instytut Nauk Geologicznych<\/p>\n<p style=\"margin: 0cm 0cm 0.0001pt; line-height: 150%; text-align: left;\">Zak\u0142ad Hydrogeologii Podstawowej<\/p>\n<p style=\"margin: 0cm 0cm 0.0001pt; line-height: 150%; text-align: left;\">ul. Cybulskiego 32, II p. pok.228<\/p>\n<p style=\"margin: 0cm 0cm 0.0001pt; line-height: 150%; text-align: left;\">50-205 Wroc\u0142aw, Polska<\/p>\n<p style=\"margin: 0cm 0cm 0.0001pt; line-height: 150%; text-align: left;\">Tel.: +48 71 3759288<\/p>\n<p style=\"margin: 0cm 0cm 0.0001pt; line-height: 150%; text-align: left;\">Fax: +48 71 3759371<\/p>\n<\/td>\n<td width=\"61%\"><iframe loading=\"lazy\" src=\"https:\/\/www.google.com\/maps\/embed?pb=!1m18!1m12!1m3!1d2504.577396717373!2d17.027728915741598!3d51.11625687957279!2m3!1f0!2f0!3f0!3m2!1i1024!2i768!4f13.1!3m3!1m2!1s0x470fe9e097c48071%3A0x47349305a4b80357!2sWojciecha+Cybulskiego+32%2C+Wroc%C5%82aw%2C+Polska!5e0!3m2!1spl!2sus!4v1478724313202\" width=\"600\" height=\"450\" frameborder=\"0\" allowfullscreen=\"allowfullscreen\"><\/iframe><\/td>\n<\/tr>\n<\/tbody>\n<\/table>\n<p><em><strong>Formularz kontaktowy<\/strong><\/em><\/p>\n","protected":false},"excerpt":{"rendered":"<p>dr hab. Sebastian Buczy\u0144ski Uniwersytet Wroc\u0142awski Wydzia\u0142 Nauk o Ziemi i Kszta\u0142towania \u015arodowiska Instytut Nauk Geologicznych Zak\u0142ad Hydrogeologii Podstawowej ul. Cybulskiego 32, II p. pok.228 50-205 Wroc\u0142aw, Polska Tel.: +48 71 3759288 Fax: +48 71 3759371 Formularz kontaktowy<\/p>\n","protected":false},"author":1,"featured_media":164,"parent":0,"menu_order":0,"comment_status":"closed","ping_status":"closed","template":"custom-page.php","meta":[],"_links":{"self":[{"href":"https:\/\/sebu.ing.uni.wroc.pl\/index.php\/wp-json\/wp\/v2\/pages\/88"}],"collection":[{"href":"https:\/\/sebu.ing.uni.wroc.pl\/index.php\/wp-json\/wp\/v2\/pages"}],"about":[{"href":"https:\/\/sebu.ing.uni.wroc.pl\/index.php\/wp-json\/wp\/v2\/types\/page"}],"author":[{"embeddable":true,"href":"https:\/\/sebu.ing.uni.wroc.pl\/index.php\/wp-json\/wp\/v2\/users\/1"}],"replies":[{"embeddable":true,"href":"https:\/\/sebu.ing.uni.wroc.pl\/index.php\/wp-json\/wp\/v2\/comments?post=88"}],"version-history":[{"count":22,"href":"https:\/\/sebu.ing.uni.wroc.pl\/index.php\/wp-json\/wp\/v2\/pages\/88\/revisions"}],"predecessor-version":[{"id":572,"href":"https:\/\/sebu.ing.uni.wroc.pl\/index.php\/wp-json\/wp\/v2\/pages\/88\/revisions\/572"}],"wp:featuredmedia":[{"embeddable":true,"href":"https:\/\/sebu.ing.uni.wroc.pl\/index.php\/wp-json\/wp\/v2\/media\/164"}],"wp:attachment":[{"href":"https:\/\/sebu.ing.uni.wroc.pl\/index.php\/wp-json\/wp\/v2\/media?parent=88"}],"curies":[{"name":"wp","href":"https:\/\/api.w.org\/{rel}","templated":true}]}}