{"id":72,"date":"2016-11-07T12:12:07","date_gmt":"2016-11-07T11:12:07","guid":{"rendered":"http:\/\/sebu.ing.uni.wroc.pl\/?page_id=72"},"modified":"2018-02-14T11:50:30","modified_gmt":"2018-02-14T10:50:30","slug":"sekcja-hydrogeologiczna-skng-uwr","status":"publish","type":"page","link":"https:\/\/sebu.ing.uni.wroc.pl\/index.php\/sekcja-hydrogeologiczna-skng-uwr\/","title":{"rendered":"Sekcja hydrogeologiczna SKNG UWr."},"content":{"rendered":"<p><a href=\"http:\/\/www.geolodzy.uni.wroc.pl\/hydrogeologia.php\"><strong>Sekcja Hydrogeologii SKN<\/strong><\/a><\/p>\n<p><a href=\"http:\/\/sebu.ing.uni.wroc.pl\/wp-content\/uploads\/2018\/02\/Przegl\u0105d-Uniwersytecki-6-8.2012.pdf\">\u00a0\u00a0 Projekt &#8222;Dolno\u015bl\u0105skie \u017ar\u00f3d\u0142a&#8221;<\/a><\/p>\n<p><a href=\"http:\/\/sebu.ing.uni.wroc.pl\/wp-content\/uploads\/2018\/02\/IV_Warsztaty_Hydrogeologiczne_Geotermia_2013.pdf\">\u00a0\u00a0 IV Warsztaty Hydrogeologiczne 2013 &#8222;Geotermia&#8221;<\/a><\/p>\n","protected":false},"excerpt":{"rendered":"<p>Sekcja Hydrogeologii SKN \u00a0\u00a0 Projekt &#8222;Dolno\u015bl\u0105skie \u017ar\u00f3d\u0142a&#8221; \u00a0\u00a0 IV Warsztaty Hydrogeologiczne 2013 &#8222;Geotermia&#8221;<\/p>\n","protected":false},"author":1,"featured_media":334,"parent":0,"menu_order":0,"comment_status":"closed","ping_status":"closed","template":"","meta":[],"_links":{"self":[{"href":"https:\/\/sebu.ing.uni.wroc.pl\/index.php\/wp-json\/wp\/v2\/pages\/72"}],"collection":[{"href":"https:\/\/sebu.ing.uni.wroc.pl\/index.php\/wp-json\/wp\/v2\/pages"}],"about":[{"href":"https:\/\/sebu.ing.uni.wroc.pl\/index.php\/wp-json\/wp\/v2\/types\/page"}],"author":[{"embeddable":true,"href":"https:\/\/sebu.ing.uni.wroc.pl\/index.php\/wp-json\/wp\/v2\/users\/1"}],"replies":[{"embeddable":true,"href":"https:\/\/sebu.ing.uni.wroc.pl\/index.php\/wp-json\/wp\/v2\/comments?post=72"}],"version-history":[{"count":6,"href":"https:\/\/sebu.ing.uni.wroc.pl\/index.php\/wp-json\/wp\/v2\/pages\/72\/revisions"}],"predecessor-version":[{"id":336,"href":"https:\/\/sebu.ing.uni.wroc.pl\/index.php\/wp-json\/wp\/v2\/pages\/72\/revisions\/336"}],"wp:featuredmedia":[{"embeddable":true,"href":"https:\/\/sebu.ing.uni.wroc.pl\/index.php\/wp-json\/wp\/v2\/media\/334"}],"wp:attachment":[{"href":"https:\/\/sebu.ing.uni.wroc.pl\/index.php\/wp-json\/wp\/v2\/media?parent=72"}],"curies":[{"name":"wp","href":"https:\/\/api.w.org\/{rel}","templated":true}]}}