{"id":70,"date":"2016-11-07T12:11:36","date_gmt":"2016-11-07T11:11:36","guid":{"rendered":"http:\/\/sebu.ing.uni.wroc.pl\/?page_id=70"},"modified":"2024-02-19T15:00:58","modified_gmt":"2024-02-19T14:00:58","slug":"prace-magisterskie-geologia","status":"publish","type":"page","link":"https:\/\/sebu.ing.uni.wroc.pl\/index.php\/prace-magisterskie-geologia\/","title":{"rendered":"Prace magisterskie geologia"},"content":{"rendered":"<p><span style=\"color: #0000ff;\"><em><strong>Wolne tematy<\/strong><\/em><\/span><\/p>\n<ul>\n<li><span style=\"color: #0000ff;\">Sezonowe zmiany temperatury w\u00f3d podziemnych neoge\u0144skiego pi\u0119tra wodono\u015bnego na terenie Wroc\u0142awia<\/span><del><br \/>\n<\/del><\/li>\n<li><span style=\"color: #0000ff;\">Wahania zwierciad\u0142a w\u00f3d podziemnych w obr\u0119bie struktury kopalnej Bogdaszowice-Radakowice<\/span><\/li>\n<\/ul>\n<p><em><strong>Tematy zrealizowane<\/strong><\/em><\/p>\n<ul>\n<li>\u00a0D\u0119bniak Krzysztof, 2011 &#8211; Rola zjawisk krasowych w systemie kr\u0105\u017cenia w\u00f3d na przyk\u0142adzie zlewni Jaski\u0144ca.<\/li>\n<li>\u00a0Mr\u00f3z Maciej, 2013 &#8211; Wyst\u0119powanie \u017ar\u00f3de\u0142 w zlewni Jaszk\u00f3wki po dop\u0142yw Marcin\u00f3wki (Kotlina K\u0142odzka).<\/li>\n<li>\u00a0Wyszatkiewicz Marta, 2014 &#8211; Charakterystyka hydrogeologiczna wybranych \u017ar\u00f3de\u0142 na obszarze Masywu \u015anie\u017cnika i G\u00f3r Z\u0142otych w aspekcie ich udost\u0119pnienia turystycznego i ochrony.<\/li>\n<li>\u00a0Hofman Micha\u0142, 2015 &#8211; Strefy kr\u0105\u017cenia w\u00f3d podziemnych w zwi\u0119z\u0142ych ska\u0142ach osadowych na przyk\u0142adzie zlewni Dop\u0142ywu spod Ptasiej Ska\u0142y w G\u00f3rach Sto\u0142owych.<\/li>\n<li>\u00a0Stanasiuk Katarzyna, 2015 &#8211; Sezonowa charakterystyka termiki i parametr\u00f3w fizyko-chemicznych w\u00f3d \u017ar\u00f3dlanych Tatrach.<\/li>\n<li>\u00a0Drahan Filip, 2016 &#8211; Wahania temperatury w\u00f3d podziemnych w rejonie Wroc\u0142awia.<\/li>\n<li>\u00a0B\u0142ach Dawid, 2016 &#8211; Wahania zwierciad\u0142a w\u00f3d podziemnych na terenie Wroc\u0142awia.<\/li>\n<li>\u00a0Grz\u0119da Olga, 2017 &#8211; Charakterystyka krenologiczna zlewni Bystrego Potoku w G\u00f3rach Opawskich.<\/li>\n<li>\u00a0Tomaszewska Karolina, 2017 &#8211; Re\u017cim wydajno\u015bci \u017ar\u00f3de\u0142 i waha\u0144 zwierciad\u0142a w\u00f3d podziemnych w rejonie Tylicza.<\/li>\n<li>\u00a0Kulak Sandra, 2017 &#8211; Odp\u0142yw podziemny w zlewni g\u00f3rnej Muszynki (Beskid S\u0105decki).<\/li>\n<li>\u00a0Mach Kamil, 2017 &#8211; \u00a0Geneza zmian po\u0142o\u017cenia zwierciad\u0142a w\u00f3d podziemnych na uj\u0119ciu Ochla.<\/li>\n<li>\u00a0Karkoszka \u0141ukasz 2018 &#8211; Rola ponoru w kszta\u0142towaniu przep\u0142ywu i odp\u0142ywu podziemnego w zlewni Jaski\u0144ca.<\/li>\n<li>Zi\u00f3\u0142kowski Micha\u0142, 2022 &#8211; Sezonowe i roczne wahania temperatury w\u00f3d podziemnych w strukturze Bogdaszowice-Radakowice.<del><\/del><\/li>\n<\/ul>\n","protected":false},"excerpt":{"rendered":"<p>Wolne tematy Sezonowe zmiany temperatury w\u00f3d podziemnych neoge\u0144skiego pi\u0119tra wodono\u015bnego na terenie Wroc\u0142awia Wahania zwierciad\u0142a w\u00f3d podziemnych w obr\u0119bie struktury kopalnej Bogdaszowice-Radakowice Tematy zrealizowane \u00a0D\u0119bniak Krzysztof, 2011 &#8211; Rola zjawisk krasowych w systemie kr\u0105\u017cenia w\u00f3d na przyk\u0142adzie zlewni Jaski\u0144ca. \u00a0Mr\u00f3z Maciej, 2013 &#8211; Wyst\u0119powanie \u017ar\u00f3de\u0142 w zlewni Jaszk\u00f3wki po dop\u0142yw Marcin\u00f3wki (Kotlina K\u0142odzka). \u00a0Wyszatkiewicz Marta, [&hellip;]<\/p>\n","protected":false},"author":1,"featured_media":0,"parent":0,"menu_order":0,"comment_status":"closed","ping_status":"closed","template":"","meta":[],"_links":{"self":[{"href":"https:\/\/sebu.ing.uni.wroc.pl\/index.php\/wp-json\/wp\/v2\/pages\/70"}],"collection":[{"href":"https:\/\/sebu.ing.uni.wroc.pl\/index.php\/wp-json\/wp\/v2\/pages"}],"about":[{"href":"https:\/\/sebu.ing.uni.wroc.pl\/index.php\/wp-json\/wp\/v2\/types\/page"}],"author":[{"embeddable":true,"href":"https:\/\/sebu.ing.uni.wroc.pl\/index.php\/wp-json\/wp\/v2\/users\/1"}],"replies":[{"embeddable":true,"href":"https:\/\/sebu.ing.uni.wroc.pl\/index.php\/wp-json\/wp\/v2\/comments?post=70"}],"version-history":[{"count":17,"href":"https:\/\/sebu.ing.uni.wroc.pl\/index.php\/wp-json\/wp\/v2\/pages\/70\/revisions"}],"predecessor-version":[{"id":621,"href":"https:\/\/sebu.ing.uni.wroc.pl\/index.php\/wp-json\/wp\/v2\/pages\/70\/revisions\/621"}],"wp:attachment":[{"href":"https:\/\/sebu.ing.uni.wroc.pl\/index.php\/wp-json\/wp\/v2\/media?parent=70"}],"curies":[{"name":"wp","href":"https:\/\/api.w.org\/{rel}","templated":true}]}}