{"id":68,"date":"2016-11-07T12:11:25","date_gmt":"2016-11-07T11:11:25","guid":{"rendered":"http:\/\/sebu.ing.uni.wroc.pl\/?page_id=68"},"modified":"2024-10-04T13:26:56","modified_gmt":"2024-10-04T11:26:56","slug":"prace-licencjackie-geologia","status":"publish","type":"page","link":"https:\/\/sebu.ing.uni.wroc.pl\/index.php\/prace-licencjackie-geologia\/","title":{"rendered":"Prace licencjackie geologia"},"content":{"rendered":"<p class=\"style13\"><span style=\"color: #0000ff;\"><em><strong>Wolne tematy<\/strong><\/em><\/span><\/p>\n<ul>\n<li><span style=\"color: #0000ff;\">Metody wyznaczania strefy ochronnych \u017ar\u00f3de\u0142 i uj\u0119\u0107 w\u00f3d podziemnych.<\/span><\/li>\n<\/ul>\n<p><em><strong>Tematy zrealizowane<\/strong><\/em><\/p>\n<ul>\n<li>Retencja w\u00f3d deszczowych na obszarach zurbanizowanych. Kierunki rozwi\u0105za\u0144 stosowane na \u015bwiecie (Aleksandra Kupisz)<\/li>\n<li>Monitoring \u017ar\u00f3de\u0142 w Polsce, Czechach i Niemczech (Marta \u017b\u00f3\u0142kiewska, 2022)<\/li>\n<li>Retencja i podczyszczanie w\u00f3d opadowych \u2013 przyk\u0142ady rozwi\u0105za\u0144, zakresy zastosowa\u0144 (Magdalena Chludzi\u0144ska &#8211; 2021-2022)<\/li>\n<li><del>Og\u00f3lnodost\u0119pne dane teledetekcyjne jako wsparcie dla hydrogeologicznych analiz przestrzennych (Sebastian Maciejewski &#8211; 2020-2021)<\/del><\/li>\n<li><del>Ocena sprawno\u015bci studni na podstawie pr\u00f3bnych pompowa\u0144 (Kuba Stolarski &#8211; 2019-2020)<\/del><\/li>\n<li><span class=\"style2\">Wody termalne Dolnego \u015al\u0105ska. (Barbara Pyza\u0142ka, 2016)<br \/>\n<\/span><\/li>\n<\/ul>\n<p class=\"style13\"><em><strong>\u00a0<\/strong><\/em><\/p>\n","protected":false},"excerpt":{"rendered":"<p>Wolne tematy Metody wyznaczania strefy ochronnych \u017ar\u00f3de\u0142 i uj\u0119\u0107 w\u00f3d podziemnych. Tematy zrealizowane Retencja w\u00f3d deszczowych na obszarach zurbanizowanych. Kierunki rozwi\u0105za\u0144 stosowane na \u015bwiecie (Aleksandra Kupisz) Monitoring \u017ar\u00f3de\u0142 w Polsce, Czechach i Niemczech (Marta \u017b\u00f3\u0142kiewska, 2022) Retencja i podczyszczanie w\u00f3d opadowych \u2013 przyk\u0142ady rozwi\u0105za\u0144, zakresy zastosowa\u0144 (Magdalena Chludzi\u0144ska &#8211; 2021-2022) Og\u00f3lnodost\u0119pne dane teledetekcyjne jako wsparcie [&hellip;]<\/p>\n","protected":false},"author":1,"featured_media":0,"parent":0,"menu_order":0,"comment_status":"closed","ping_status":"closed","template":"","meta":[],"_links":{"self":[{"href":"https:\/\/sebu.ing.uni.wroc.pl\/index.php\/wp-json\/wp\/v2\/pages\/68"}],"collection":[{"href":"https:\/\/sebu.ing.uni.wroc.pl\/index.php\/wp-json\/wp\/v2\/pages"}],"about":[{"href":"https:\/\/sebu.ing.uni.wroc.pl\/index.php\/wp-json\/wp\/v2\/types\/page"}],"author":[{"embeddable":true,"href":"https:\/\/sebu.ing.uni.wroc.pl\/index.php\/wp-json\/wp\/v2\/users\/1"}],"replies":[{"embeddable":true,"href":"https:\/\/sebu.ing.uni.wroc.pl\/index.php\/wp-json\/wp\/v2\/comments?post=68"}],"version-history":[{"count":14,"href":"https:\/\/sebu.ing.uni.wroc.pl\/index.php\/wp-json\/wp\/v2\/pages\/68\/revisions"}],"predecessor-version":[{"id":676,"href":"https:\/\/sebu.ing.uni.wroc.pl\/index.php\/wp-json\/wp\/v2\/pages\/68\/revisions\/676"}],"wp:attachment":[{"href":"https:\/\/sebu.ing.uni.wroc.pl\/index.php\/wp-json\/wp\/v2\/media?parent=68"}],"curies":[{"name":"wp","href":"https:\/\/api.w.org\/{rel}","templated":true}]}}