{"id":59,"date":"2016-11-07T12:04:40","date_gmt":"2016-11-07T11:04:40","guid":{"rendered":"http:\/\/sebu.ing.uni.wroc.pl\/?page_id=59"},"modified":"2024-09-22T13:30:50","modified_gmt":"2024-09-22T11:30:50","slug":"prace-stosowane","status":"publish","type":"page","link":"https:\/\/sebu.ing.uni.wroc.pl\/index.php\/prace-stosowane\/","title":{"rendered":"Prace stosowane"},"content":{"rendered":"<p><strong>WYBRANE OPRACOWANIA<\/strong><\/p>\n<ul>\n<li>Ocena ilo\u015bci w\u00f3d ubywaj\u0105cych z kana\u0142u w wyniku funkcjonowania infiltracyjnego uj\u0119cia brzegowego \u201eOb\u00f3rki\u201d.<\/li>\n<li>Ocena wielko\u015bci drena\u017cu \u017ar\u00f3dlanego w ocenie bilansu wodnego g\u00f3rskiej cz\u0119\u015bci zlewni g\u00f3rnego Bobru oraz polskiej cz\u0119\u015bci zlewni Ostro\u017cnicy i Metuje.<\/li>\n<li>Monitoring zasob\u00f3w przyrodniczych, identyfikacja zagro\u017ce\u0144 oraz okre\u015blenie systemowych rozwi\u0105za\u0144, maj\u0105cych na celu zapewnienie ochrony przyrody przed antropopresj\u0105 na tereny cenne przyrodniczo oraz zr\u00f3wnowa\u017conego rozwoju g\u00f3rskiego obszaru funkcjonalnego, w zwi\u0105zku z pracami nad \u201eRekomendacjami dla planowania rozwoju w\u00a0g\u00f3rskim obszarze funkcjonalnym okre\u015blonym w SRWD 2030\u201d, zwi\u0105zanych z realizacj\u0105 przedsi\u0119wzi\u0119cia pod nazw\u0105 \u201eDolno\u015bl\u0105skie Centrum Sportu \u2013 Jakuszyce\u201d.<\/li>\n<li>Analiza wraz z ocen\u0105 mo\u017cliwo\u015bci infiltracyjnego zagospodarowania w\u00f3d opadowych dla zlewni rzeki Broch\u00f3wki- Wroc\u0142aw.<\/li>\n<li>Model przestrzenny\u00a0 uwarunkowa\u0144 abiotycznych, przedstawiaj\u0105cy stan siedlisk przyrodniczych (w zakresie modelu koncepcyjnego systemu hydrogeologicznego\u00a0 w tym systemu przep\u0142ywu i bilansu w\u00f3d) &#8211; w zwi\u0105zku z realizacj\u0105 projektu pn. \u201eKarpaty \u0141\u0105cz\u0105 \u2013 ochrona Torfowisk Orawsko-Nowotarskich\u201d, dofinansowanego ze \u015brodk\u00f3w Mechanizmu Finansowego EOG 2014-2021 w ramach Programu \u015arodowisko, Energia i Zmiany Klimatu.<\/li>\n<li>Mo\u017cliwo\u015bci infiltracyjnego zagospodarowania w\u00f3d opadowych w zlewni rzeki \u0141ugowiny &#8211; Wroc\u0142aw.<\/li>\n<li>Pomiary i analiza przep\u0142yw\u00f3w w kanale Nysa K\u0142odzka &#8211; O\u0142awa<\/li>\n<li>Badanie stanu geow\u0142\u00f3knin w stawie infiltracyjnym.<\/li>\n<li>Ekspertyza okre\u015blaj\u0105ca mo\u017cliwo\u015bci wykorzystania rzeki O\u0142awy do zwi\u0119kszenia zasob\u00f3w uj\u0119cia infiltracyjnego MPWiK we Wroc\u0142awiu.<\/li>\n<li>Obszary perspektywiczne do lokalizacji uj\u0119\u0107 w\u00f3d podziemnych w rejonie struktur kopalnych Ole\u015bnicy i Nieciszowa, nale\u017c\u0105cych do GZWP 322 \u201eOle\u015bnica&#8221;.<\/li>\n<li>Monitoring struktury Bogdaszowice-Radakowice w zakresie niezb\u0119dnym do oceny zasob\u00f3w dyspozycyjnych i eksploatacyjnych.<\/li>\n<li>Rozbudowa modelu hydrogeologicznego teren\u00f3w wodono\u015bnych MPWiK Wroc\u0142aw wraz z aktualizacj\u0105 modelu dla cz\u0119\u015bci wroc\u0142awskiej.<\/li>\n<li>Rozpoznanie potencjalnych mo\u017cliwo\u015bci zagospodarowania w\u00f3d opadowych na terenie miasta Wroc\u0142awia<\/li>\n<li>Zagro\u017cenie jako\u015bci w\u00f3d podziemnych dla teren\u00f3w wodono\u015bnych MPWiK z obszaru Brochowa i Ksi\u0119\u017ca Ma\u0142ego.<\/li>\n<li>Okre\u015blenie mo\u017cliwo\u015bci eksploatacyjnych struktury Bogdaszowice-Radakowice w rejonie miejscowo\u015bci Karczyce\u2013 Radakowice\u2013Bogdaszowice pod k\u0105tem optymalnej lokalizacji studni dla uj\u0119cia o poborze 18\u201320 tys. m<sup>3<\/sup>\/d.<\/li>\n<li>Ocena mo\u017cliwo\u015bci ujmowania w\u00f3d wg\u0142\u0119bnych wraz z wytypowaniem optymalnych lokalizacji 4 nowych uj\u0119\u0107 promienistych i monitoringiem w\u00f3d podziemnych w roku 2017 na terenach wodono\u015bnych MPWiK Wroc\u0142aw.<\/li>\n<li>Dokumentacja hydrogeologiczna okre\u015blaj\u0105ca warunki hydrogeologiczne w zwi\u0105zku z zamierzonym wykonywaniem odwodnie\u0144 w celu wydobywania kopalin ze z\u0142o\u017ca rud miedzi &#8222;Radwanice-Gaworzyce&#8221;.<\/li>\n<li>Program monitoringu i ujmowania w\u00f3d podziemnych dla MPWiK Wroc\u0142aw.<\/li>\n<li>Dokumentacja wynik\u00f3w bada\u0144 na potrzeby intensyfikacji infiltracji na terenach wodono\u015bnych MPWiK we Wroc\u0142awiu.<\/li>\n<li>Aktualizacja zasob\u00f3w w\u00f3d podziemnych w rejonie Wroc\u0142awia- studium\u00a0 mo\u017cliwo\u015bci uj\u0119cia dla miasta Wroc\u0142aw &#8211; Opracowanie aktualizacji zasob\u00f3w w\u00f3d podziemnych\u00a0 dla zbiornika GZWP 322 wraz z dolin\u0105 kopaln\u0105\u00a0 Ole\u015bnica-Niecisz\u00f3w.<\/li>\n<li>Dokumentacja hydrogeologiczna ustalaj\u0105ca zasoby dyspozycyjne w\u00f3d podziemnych w obszarach bilansowych wsp\u00f3\u0142wyst\u0119puj\u0105cych w\u00f3d leczniczych i zwyk\u0142ych w\u00f3d podziemnych w wydzielonym rejonie Karpat \u2013 Zlewnia Popradu.<\/li>\n<li>Numeryczny model hydrogeologiczny 3D (regionalny), uwzgl\u0119dniaj\u0105cy stref\u0119 oddzia\u0142ywania g\u00f3rnictwa rud miedzi LGOM.<\/li>\n<li>Aktualizacja zasob\u00f3w w\u00f3d podziemnych w rejonie Wroc\u0142awia- studium\u00a0 mo\u017cliwo\u015bci uj\u0119cia dla miasta Wroc\u0142aw &#8211; Opracowanie aktualizacji zasob\u00f3w w\u00f3d podziemnych\u00a0 dla zbiornika GZWP 319 wraz z dolin\u0105 kopaln\u0105\u00a0 Bogdaszowice \u2013Radakowice.<\/li>\n<li>Opracowanie za\u0142\u0105cznika z dokumentami dotycz\u0105cymi stosunk\u00f3w wodnoprawnych, utrzymania w\u00f3d i zagro\u017ce\u0144 powodziowych dla KGHM Polska Mied\u017a S.A.<\/li>\n<li>Projekt prac geologicznych dla ustalenia zasob\u00f3w dyspozycyjnych w\u00f3d podziemnych Sudeckiej cz\u0119\u015bci zlewni Bystrzycy i Nysy K\u0142odzkiej.\u00a0<strong>\u00a0<\/strong><\/li>\n<li>Projekt prac geologicznych dla ustalenia zasob\u00f3w dyspozycyjnych w\u00f3d podziemnych zlewni Dunajca.<\/li>\n<li>Studium hydrologiczne i hydrogeologiczne teren\u00f3w rolniczego wykorzystania \u015bciek\u00f3w zak\u0142adu Lesaffre Polska S.A. w Wo\u0142czynie.<\/li>\n<li>Opracowanie modelu cyfrowego warunk\u00f3w hydrodynamicznych w\u00f3d podziemnych polskiej cz\u0119\u015bci Niecki \u015ar\u00f3dsudeckiej dla potrzeb rozwoju modelu regionalnego polsko \u2013 czeskiego. <strong>\u00a0<\/strong><\/li>\n<li>Analiza przebiegu granic JCWPD na obszarze Dolnego \u015al\u0105ska.<\/li>\n<li>Budowa modelu numerycznego niecki Grodzieckiej.<\/li>\n<li>Dokumentacja hydrogeologiczna likwidowanych Zak\u0142ad\u00f3w G\u00f3rniczych Konrad w Iwinach.<\/li>\n<li>Projekt rozbudowy sieci monitoringu w\u00f3d podziemnych wok\u00f3\u0142 wyrobisk kopalni margli kredowych Folwark ko\u0142o Opola.<\/li>\n<li>Projekt prac geologicznych na wykonanie otwor\u00f3w obserwacyjnych uzupe\u0142niaj\u0105cych dotychczasow\u0105 sie\u0107 obserwacyjn\u0105 w\u00f3d podziemnych w rejonie\u00a0wyrobisk kopalni margli kredowych Folwark ko\u0142o Opola.<\/li>\n<li>Dokumentacja hydrogeologiczna\u00a0 w celu ustalenia zasob\u00f3w zwyk\u0142ych i mineralnych w\u00f3d\u00a0 podziemnych dla g\u00f3rnej zlewni Muszynki.<\/li>\n<li>Dokumentacja hydrogeologiczna okre\u015blaj\u0105ca warunki hydrogeologiczne w zwi\u0105zku z projektowanym odwodnieniem III poziomu wydobywczego w kopalni margli\u00a0 kredowych Folwark k\/Opola<\/li>\n<li>Raport Otwarcia \u015arodowiskowego przed otwarciem fabryk LG Philips.<\/li>\n<li>Dokumentacja geologiczna dla okre\u015blenia warunk\u00f3w geologiczno-in\u017cynierskich dla projektowanego zbiornika wodnego Kamieniec Z\u0105bkowicki na rzece Nysie K\u0142odzkiej.<\/li>\n<li>Inwentaryzacja studni i uj\u0119\u0107 w\u00f3d podziemnych wraz z inwentaryzacj\u0105 stanu zwierciad\u0142a wody i jako\u015bci ujmowanej wody na terenie powiatu S\u0142upeckiego i\u00a0Kolskiego.<\/li>\n<\/ul>\n","protected":false},"excerpt":{"rendered":"<p>WYBRANE OPRACOWANIA Ocena ilo\u015bci w\u00f3d ubywaj\u0105cych z kana\u0142u w wyniku funkcjonowania infiltracyjnego uj\u0119cia brzegowego \u201eOb\u00f3rki\u201d. Ocena wielko\u015bci drena\u017cu \u017ar\u00f3dlanego w ocenie bilansu wodnego g\u00f3rskiej cz\u0119\u015bci zlewni g\u00f3rnego Bobru oraz polskiej cz\u0119\u015bci zlewni Ostro\u017cnicy i Metuje. Monitoring zasob\u00f3w przyrodniczych, identyfikacja zagro\u017ce\u0144 oraz okre\u015blenie systemowych rozwi\u0105za\u0144, maj\u0105cych na celu zapewnienie ochrony przyrody przed antropopresj\u0105 na tereny cenne [&hellip;]<\/p>\n","protected":false},"author":1,"featured_media":0,"parent":0,"menu_order":0,"comment_status":"closed","ping_status":"closed","template":"","meta":[],"_links":{"self":[{"href":"https:\/\/sebu.ing.uni.wroc.pl\/index.php\/wp-json\/wp\/v2\/pages\/59"}],"collection":[{"href":"https:\/\/sebu.ing.uni.wroc.pl\/index.php\/wp-json\/wp\/v2\/pages"}],"about":[{"href":"https:\/\/sebu.ing.uni.wroc.pl\/index.php\/wp-json\/wp\/v2\/types\/page"}],"author":[{"embeddable":true,"href":"https:\/\/sebu.ing.uni.wroc.pl\/index.php\/wp-json\/wp\/v2\/users\/1"}],"replies":[{"embeddable":true,"href":"https:\/\/sebu.ing.uni.wroc.pl\/index.php\/wp-json\/wp\/v2\/comments?post=59"}],"version-history":[{"count":21,"href":"https:\/\/sebu.ing.uni.wroc.pl\/index.php\/wp-json\/wp\/v2\/pages\/59\/revisions"}],"predecessor-version":[{"id":639,"href":"https:\/\/sebu.ing.uni.wroc.pl\/index.php\/wp-json\/wp\/v2\/pages\/59\/revisions\/639"}],"wp:attachment":[{"href":"https:\/\/sebu.ing.uni.wroc.pl\/index.php\/wp-json\/wp\/v2\/media?parent=59"}],"curies":[{"name":"wp","href":"https:\/\/api.w.org\/{rel}","templated":true}]}}