{"id":408,"date":"2019-10-16T11:09:26","date_gmt":"2019-10-16T09:09:26","guid":{"rendered":"http:\/\/sebu.ing.uni.wroc.pl\/?page_id=408"},"modified":"2023-01-12T13:32:03","modified_gmt":"2023-01-12T12:32:03","slug":"monitoring-srodowiska-ii","status":"publish","type":"page","link":"https:\/\/sebu.ing.uni.wroc.pl\/index.php\/monitoring-srodowiska-ii\/","title":{"rendered":"Monitoring \u015brodowiska II"},"content":{"rendered":"\n<p class=\"has-text-align-center\"><strong><em>\u0106wiczenie 1-2<\/em><\/strong><\/p>\n\n\n\n<p>Wykonaj map\u0119 i tabelaryczne zestawienie z lokalizacj\u0105 i\ncharakterystyk\u0105&nbsp; punkt\u00f3w monitoringu w\u00f3d\npowierzchniowych i podziemnych. Powy\u017csze zadanie wykonaj dla wybranego powiatu\nz woj. dolno\u015bl\u0105skiego.<\/p>\n\n\n\n<p>Punkty monitoringu pozyskaj z Informatora o stanie\n\u015brodowiska (WIO\u015a) , Rocznik Pa\u0144stwowej S\u0142u\u017cby Hydrogeologicznej (PSH) oraz danych\nIMGW. <\/p>\n\n\n\n<p>Dodatkowo scharakteryzuj wybrany powiat zestawiaj\u0105c\ninformacje o wyst\u0119puj\u0105cych na jego obszarze zlewniach, jednolitych cz\u0119\u015bciach\nw\u00f3d powierzchniowych (JCWP), jednolitych cz\u0119\u015bciach w\u00f3d podziemnych (JCWPd) i\nG\u0142\u00f3wnych Zbiornikach W\u00f3d Podziemnych (GZWP).<\/p>\n\n\n\n<p><strong>Pomocne strony www:<\/strong><\/p>\n\n\n\n<p>Bazy danych monitoring w\u00f3d podziemnych PSH<\/p>\n\n\n\n<p><a href=\"https:\/\/www.pgi.gov.pl\/psh\/dane-hydrogeologiczne-psh\/947-bazy-danych-hydrogeologiczne\/8887-bazy-danych-monitoring-wod-podziemnych.html\">https:\/\/www.pgi.gov.pl\/psh\/dane-hydrogeologiczne-psh\/947-bazy-danych-hydrogeologiczne\/8887-bazy-danych-monitoring-wod-podziemnych.html<\/a><\/p>\n\n\n\n<p>Roczniki hydrogeologiczne PSH<\/p>\n\n\n\n<p><a href=\"https:\/\/www.pgi.gov.pl\/psh\/dane-hydrogeologiczne-psh\/947-bazy-danych-hydrogeologiczne\/8887-bazy-danych-monitoring-wod-podziemnych.html\">https:\/\/www.pgi.gov.pl\/psh\/dane-hydrogeologiczne-psh\/947-bazy-danych-hydrogeologiczne\/8887-bazy-danych-monitoring-wod-podziemnych.html<\/a><\/p>\n\n\n\n<p>Punkty monitoringu ilo\u015bciowego w\u00f3d powierzchniowych IMGW:<\/p>\n\n\n\n<p><a href=\"http:\/\/monitor.pogodynka.pl\/#map\/19.533,52.1384,7,true,false,0\">http:\/\/monitor.pogodynka.pl\/#map\/19.533,52.1384,7,true,false,0<\/a><\/p>\n\n\n\n<p>Punkty monitoringu jako\u015bciowego w\u00f3d powierzchownych WIO\u015a\nWroc\u0142aw:<\/p>\n\n\n\n<p><a href=\"https:\/\/www.wroclaw.pios.gov.pl\/mapa\/wody_pow_zbiorcza_7l_stat\/index.html#9\/50.9584\/16.3037\">https:\/\/www.wroclaw.pios.gov.pl\/mapa\/wody_pow_zbiorcza_7l_stat\/index.html#9\/50.9584\/16.3037<\/a><\/p>\n\n\n\n<p>Wykaz punkt\u00f3w pomiarowych jako\u015bci w\u00f3d powierzchniowych oraz\ndane \u2013 WIO\u015a Wroc\u0142aw:<\/p>\n\n\n\n<p><a href=\"https:\/\/www.wroclaw.pios.gov.pl\/index.php?dzial=monitoring&amp;pod=wPow&amp;pod2=opracowania\">https:\/\/www.wroclaw.pios.gov.pl\/index.php?dzial=monitoring&amp;pod=wPow&amp;pod2=opracowania<\/a><\/p>\n\n\n\n<p>Punkty monitoringu jako\u015bciowego w\u00f3d podziemnych WIO\u015a\nWroc\u0142aw:<\/p>\n\n\n\n<p><a href=\"https:\/\/www.wroclaw.pios.gov.pl\/mapa\/wody_pod_zbiorcza_7l\/index.html#9\/50.9632\/16.3145\">https:\/\/www.wroclaw.pios.gov.pl\/mapa\/wody_pod_zbiorcza_7l\/index.html#9\/50.9632\/16.3145<\/a><\/p>\n\n\n\n<p>Wykaz punkt\u00f3w pomiarowych jako\u015bci w\u00f3d podziemnych oraz dane\n\u2013 WIO\u015a Wroc\u0142aw:<\/p>\n\n\n\n<p><a href=\"https:\/\/www.wroclaw.pios.gov.pl\/index.php?dzial=monitoring&amp;pod=wPod&amp;pod2=oceny\">https:\/\/www.wroclaw.pios.gov.pl\/index.php?dzial=monitoring&amp;pod=wPod&amp;pod2=oceny<\/a><\/p>\n\n\n\n<p>Mapa Jednolitych Cz\u0119\u015bci W\u00f3d Podziemnych (JCWPd)<\/p>\n\n\n\n<p><a href=\"https:\/\/www.pgi.gov.pl\/psh\/zadania-psh\/8913-zadania-psh-jcwpd.html\">https:\/\/www.pgi.gov.pl\/psh\/zadania-psh\/8913-zadania-psh-jcwpd.html<\/a><\/p>\n\n\n\n<p>Mapa G\u0142\u00f3wnych Zbiornik\u00f3w W\u00f3d Podziemnych (GZWP):<\/p>\n\n\n\n<p><a href=\"https:\/\/www.pgi.gov.pl\/psh\/dane-hydrogeologiczne-psh\/947-bazy-danych-hydrogeologiczne\/8890-gzwp.html\">https:\/\/www.pgi.gov.pl\/psh\/dane-hydrogeologiczne-psh\/947-bazy-danych-hydrogeologiczne\/8890-gzwp.html<\/a><\/p>\n\n\n\n<p>Mapa Jednolitych Cz\u0119\u015bci W\u00f3d Powierzchniowych (JCWP):<\/p>\n\n\n\n<p><a href=\"http:\/\/mapy.geoportal.gov.pl\/imap\/Imgp_2.html?locale=pl&amp;gui=new&amp;sessionID=4026736\">http:\/\/mapy.geoportal.gov.pl\/imap\/Imgp_2.html?locale=pl&amp;gui=new&amp;sessionID=4026736<\/a><\/p>\n\n\n\n<p><\/p>\n\n\n\n<p class=\"has-text-align-center\"><strong>\u0106wiczenie 3<\/strong><\/p>\n\n\n\n<p>Wype\u0142nij wnioski o udost\u0119pnienie informacji z sieci monitoringu w\u00f3d Pa\u0144stwowej S\u0142u\u017cby Hydrogeologicznej (PSH) oraz G\u0142\u00f3wnego Inspektora Ochrony \u015arodowiska (GIO\u015a). <\/p>\n\n\n\n<p>Pozyskaj dane (informacje) o po\u0142o\u017ceniu zwierciad\u0142a w\u00f3d podziemnych dla wybranych posterunk\u00f3w i stacji oraz dane dotycz\u0105ce sk\u0142adu chemicznego w\u00f3d podziemnych i powierzchniowych z lat 2012-2016 .<\/p>\n\n\n\n<p>Wniosek o udost\u0119pnienie danych PIG-PIB znajduje si\u0119 pod adresem<\/p>\n\n\n\n<p><a href=\"https:\/\/www.pgi.gov.pl\/narodowe-archiwum-geologiczne\/udostepnianie-informacji-hydrogeologicznej.html\">https:\/\/www.pgi.gov.pl\/narodowe-archiwum-geologiczne\/udostepnianie-informacji-hydrogeologicznej.html<\/a><\/p>\n\n\n\n<p>Wniosek o udost\u0119pnienie danych WIO\u015a<\/p>\n\n\n\n<p><a href=\"https:\/\/www.wroclaw.pios.gov.pl\/index.php?dzial=oplaty&amp;pod=udostepnianie\">https:\/\/www.wroclaw.pios.gov.pl\/index.php?dzial=oplaty&amp;pod=udostepnianie<\/a><\/p>\n\n\n\n<p>Przeczytaj artyku\u0142 : Ga\u0142kowski P., Na\u0142\u0119cz T., 2015, Stan obecny oraz wyzwania dla procesu gromadzenia , przetwarzania i udost\u0119pniania danych hydrogeologicznych. Przegl\u0105d Geologiczny vol. 63 nr 10\/1.p715-720 <\/p>\n\n\n\n<p>oraz<\/p>\n\n\n\n<p>Bartnik A., Moniewski P., 2018, Zawarto\u015b\u0107 informacyjna baz danych PIG-PIB w aspekcie bada\u0144 wydajno\u015bci \u017ar\u00f3de\u0142 Polski,  Przegl\u0105d Geologiczny, vol. 66, nr 5, Warszawa, s. 283\u2013293 <\/p>\n\n\n\n<div class=\"wp-block-file\"><a id=\"wp-block-file--media-c51bb627-1a35-4977-838f-5f05b949f7c8\" href=\"http:\/\/sebu.ing.uni.wroc.pl\/wp-content\/uploads\/2019\/10\/Galkowski-i-Nalecz-PG.pdf\">Ga\u0142kowski, Na\u0142\u0119cz, 2015<\/a><a href=\"http:\/\/sebu.ing.uni.wroc.pl\/wp-content\/uploads\/2019\/10\/Galkowski-i-Nalecz-PG.pdf\" class=\"wp-block-file__button wp-element-button\" download aria-describedby=\"wp-block-file--media-c51bb627-1a35-4977-838f-5f05b949f7c8\">Pobierz<\/a><\/div>\n\n\n\n<div class=\"wp-block-file\"><a id=\"wp-block-file--media-aa1a8f56-6f37-4bac-b0ee-716f66639648\" href=\"http:\/\/sebu.ing.uni.wroc.pl\/wp-content\/uploads\/2019\/10\/pg_2018_05_09-1.pdf\"> Bartnik, Moniewski, 2018<\/a><a href=\"http:\/\/sebu.ing.uni.wroc.pl\/wp-content\/uploads\/2019\/10\/pg_2018_05_09-1.pdf\" class=\"wp-block-file__button wp-element-button\" download aria-describedby=\"wp-block-file--media-aa1a8f56-6f37-4bac-b0ee-716f66639648\">Pobierz<\/a><\/div>\n\n\n\n<p class=\"has-text-align-center\"><strong><em>\u0106wiczenie 4-5<\/em><\/strong><\/p>\n\n\n\n<p>Stany w\u00f3d\npodziemnych. Analiza danych dla wybranej stacji i poziomu wodono\u015bnego.&nbsp; <\/p>\n\n\n\n<p><em><strong>1. Prosz\u0119 pobra\u0107 roczniki hydrogeologiczne z wynikami dla lat hydrologicznych 2012-2016.<\/strong><\/em><\/p>\n\n\n\n<p><a href=\"https:\/\/www.pgi.gov.pl\/psh\/dane-hydrogeologiczne-psh\/947-bazy-danych-hydrogeologiczne\/8887-bazy-danych-monitoring-wod-podziemnych.html\">https:\/\/www.pgi.gov.pl\/psh\/dane-hydrogeologiczne-psh\/947-bazy-danych-hydrogeologiczne\/8887-bazy-danych-monitoring-wod-podziemnych.html<\/a><\/p>\n\n\n\n<p>Stw\u00f3rz tabele punkt\u00f3w monitoringu PSH w wybranym\npowiecie. Punktami monitoringu s\u0105 otwory hydrogeologiczne oraz \u017ar\u00f3d\u0142a.<\/p>\n\n\n\n<p>W tabeli 1 prosz\u0119 uwzgl\u0119dni\u0107 nr. punktu, nazw\u0119 punktu,\nrz\u0119dn\u0105 terenu punktu, stratygrafi\u0119 warstwy wodono\u015bnej, g\u0142\u0119boko\u015b\u0107 otworu,\ng\u0142\u0119boko\u015b\u0107 zwierciad\u0142a ustalonego. <\/p>\n\n\n\n<p>W tabeli 2 prosz\u0119 uwzgl\u0119dni\u0107 dla lat 2012-2016 &nbsp;minimalne miesi\u0119czne stany wody\npodziemnej o zwierciadle <strong>swobodnym i\nnapi\u0119tym<\/strong> NGM, minimalny stany wody podziemnej o zwierciadle <strong>swobodnym i napi\u0119tym<\/strong> w p\u00f3\u0142roczu zimowym\nNGZ, minimalny stany wody podziemnej o zwierciadle <strong>swobodnym i napi\u0119tym<\/strong> w p\u00f3\u0142roczu letnim NGL, minimalny roczny stan\nwody podziemnej o zwierciadle <strong>swobodnym\ni napi\u0119tym<\/strong> NGR. <\/p>\n\n\n\n<p>W tabeli 3 prosz\u0119 uwzgl\u0119dni\u0107 dla lat 2012-2016 \u015brednie\nmiesi\u0119czne stany wody podziemnej o zwierciadle <strong>swobodnym i napi\u0119tym<\/strong> SGM, \u015brednie stany wody podziemnej o\nzwierciadle <strong>swobodnym i napi\u0119tym<\/strong> w\np\u00f3\u0142roczu zimowym SGZ, \u015bredni stan zwierciad\u0142a wody podziemnej w p\u00f3\u0142roczu letnim\nSGL, \u015bredni roczny stan wody podziemnej o zwierciadle <strong>swobodnym i napi\u0119tym<\/strong> SGR.<\/p>\n\n\n\n<p>W tabeli 4 prosz\u0119 uwzgl\u0119dni\u0107 dla lat 2012-2016 maksymalne\nmiesi\u0119czne stany wody podziemnej o zwierciadle <strong>swobodnym i napi\u0119tym<\/strong> WGM, maksymalne stany wody podziemnej o\nzwierciadle <strong>swobodnym i napi\u0119tym<\/strong> w\np\u00f3\u0142roczu zimowym WGZ, maksymalny stan zwierciad\u0142a wody podziemnej o zwierciadle\n<strong>swobodnym i napi\u0119tym<\/strong> w p\u00f3\u0142roczu\nletnim WGL, maksymalny roczny stan wody podziemnej o zwierciadle <strong>swobodnym i napi\u0119tym<\/strong> WGR.<\/p>\n\n\n\n<p>W przypadku istnienia na obszarze powiatu monitorowanych \u017ar\u00f3de\u0142, prosz\u0119\nstworzy\u0107 tabele z wynikami dla lat 2012-2016 zawieraj\u0105ce: NQM\u2013\nminimalna miesi\u0119czna wydajno\u015b\u0107 \u017ar\u00f3d\u0142a, NQZ\u2013 minimalna wydajno\u015b\u0107 \u017ar\u00f3d\u0142a w\np\u00f3\u0142roczu zimowym, NQL\u2013 minimalna wydajno\u015b\u0107 \u017ar\u00f3d\u0142a w p\u00f3\u0142roczu letnim NQR\u2013\nminimalna wydajno\u015b\u0107 \u017ar\u00f3d\u0142a w roku. Nast\u0119pnie SQM\u2013 \u015brednia miesi\u0119czna wydajno\u015b\u0107\n\u017ar\u00f3d\u0142a, SQZ\u2013 \u015brednia wydajno\u015b\u0107 \u017ar\u00f3d\u0142a w p\u00f3\u0142roczu zimowym, \u015aQL\u2013 \u015brednia\nwydajno\u015b\u0107 \u017ar\u00f3d\u0142a w p\u00f3\u0142roczu letnim \u015aQR\u2013 \u015brednia wydajno\u015b\u0107 \u017ar\u00f3d\u0142a w roku.\nNast\u0119pnie WQM\u2013 maksymalna miesi\u0119czna wydajno\u015b\u0107 \u017ar\u00f3d\u0142a, MQZ\u2013 maksymalna wydajno\u015b\u0107\n\u017ar\u00f3d\u0142a w p\u00f3\u0142roczu zimowym, WQL\u2013 maksymalna wydajno\u015b\u0107 \u017ar\u00f3d\u0142a w p\u00f3\u0142roczu letnim WQR\u2013\nmaksymalna wydajno\u015b\u0107 \u017ar\u00f3d\u0142a w roku.<\/p>\n\n\n\n<p>W kolejnej tabeli prosz\u0119 uwzgl\u0119dni\u0107 odchylenia\n\u015brednich stan\u00f3w od analogicznych \u015brednich stan\u00f3w z wielolecia dla w\u00f3d\npodziemnych o zwierciadle napi\u0119tym i swobodnym &nbsp;&#8211; \u2206GM.<\/p>\n\n\n\n<p>W przypadku istnienia na obszarze powiatu monitorowanych \u017ar\u00f3de\u0142, prosz\u0119\nstworzy\u0107 tabele z odchylenie wydajno\u015bci \u015bredniej miesi\u0119cznej\n(danego miesi\u0105ca) od wydajno\u015bci \u015bredniej miesi\u0119cznej, tego samego miesi\u0105ca,\nmiarodajnej z okresu wielolecia &#8211; \u2206QM.<\/p>\n\n\n\n<p><em><strong>2. Na podstawie zapisu stan\u00f3w w\u00f3d podziemnych pozyskanych z PSH &nbsp;w wybranym punkcie sporz\u0105d\u017a wykres po\u0142o\u017cenia zwierciad\u0142a w\u00f3d podziemnych dla okresu 2006-2010.<\/strong><\/em><strong> <\/strong><\/p>\n\n\n\n<p>Na osi odci\u0119tych zaznacz po\u0142o\u017cenie zwierciad\u0142a w\u00f3d podziemnych poni\u017cej powierzchni terenu, pami\u0119taj\u0105c \u017ce zwierciad\u0142o oznaczone 1,23 oznacza po\u0142o\u017cenie 1,23 poni\u017cej powierzchni terenu,  natomiast -1,23 oznacza powy\u017cej powierzchni&nbsp; terenu.&nbsp;  <\/p>\n\n\n\n<p><\/p>\n\n\n\n<p>Okre\u015bl stany charakterystyczne zgodnie z przyj\u0119ta\nmetodyk\u0105 Pa\u0144stwowej S\u0142u\u017cby Hydrogeologicznej. Podaj&nbsp; wybrane stany charakterystyczne: <\/p>\n\n\n\n<p><strong>\u015bredni stan w\u00f3d\npodziemnych w okresie bada\u0144 , <\/strong><\/p>\n\n\n\n<p><strong>warto\u015bci maksymaln\u0105 i\nminimaln\u0105, <\/strong><\/p>\n\n\n\n<p><strong>\u015brednie warto\u015bci dla\nokresu zimowego i letniego,&nbsp; <\/strong><\/p>\n\n\n\n<p><strong>amplitud\u0119 waha\u0144,\nodchylenie standardowe, warto\u015bci: moda i mediana<\/strong><strong>.<\/strong><\/p>\n\n\n\n<p>Definicje <\/p>\n\n\n\n<p>1) SGM [m] \u2013 \u015brednia w okresie bada\u0144&nbsp; warto\u015b\u0107 g\u0142\u0119boko\u015b\u0107 po\u0142o\u017cenia zwierciad\u0142a wody\npodziemnej, obliczona jako suma wszystkich pomiar\u00f3w g\u0142\u0119boko\u015b\u0107 po\u0142o\u017cenia\nzwierciad\u0142a w okresie podzielona przez liczb\u0119 pomiar\u00f3w <\/p>\n\n\n\n<p>2) NGM[m]- minimalny stan (zwierciad\u0142a) wody\npodziemnej \u2013 najwy\u017csza&nbsp; warto\u015b\u0107 w\u015br\u00f3d\nzmierzonych stan\u00f3w zwierciad\u0142a<\/p>\n\n\n\n<p>3) WGM [m] \u2013 maksymalny stan , najni\u017csza (liczbowo) w\nwarto\u015b\u0107 g\u0142\u0119boko\u015bci po\u0142o\u017cenia zwierciad\u0142a wody podziemnej;<\/p>\n\n\n\n<p>4) SGZ [m]&nbsp;\n\u015bredni stan (zwierciad\u0142a) wody podziemnej z p\u00f3\u0142rocza zimowego \u2013 \u015brednia\narytmetyczna<\/p>\n\n\n\n<p>wszystkich pomiar\u00f3w w p\u00f3\u0142roczu zimowym, tj. z\nmiesi\u0119cy: XI, XII, I, II, III, IV<\/p>\n\n\n\n<p>5) SGL [m] \u2013 \u015brednia w p\u00f3\u0142roczu letnim warto\u015b\u0107\ng\u0142\u0119boko\u015b\u0107 po\u0142o\u017cenia zwierciad\u0142a wody podziemnej,<\/p>\n\n\n\n<p>obliczona jako suma wszystkich pomiar\u00f3w g\u0142\u0119boko\u015b\u0107\npo\u0142o\u017cenia zwierciad\u0142a w okresie p\u00f3\u0142rocza letniego podzielona przez liczb\u0119\npomiar\u00f3w;<\/p>\n\n\n\n<p>Na podstawie karty punktu monitoringu&nbsp; opisz kr\u00f3tko formacj\u0119 wodono\u015bn\u0105, typ zwierciad\u0142a i okresy wyst\u0119powania&nbsp; stan\u00f3w niskich i wysokich&nbsp; dla opisywanego okresu. <\/p>\n\n\n\n<p><\/p>\n\n\n\n<div class=\"wp-block-file\"><a id=\"wp-block-file--media-ea61e52b-62fb-4e68-b2df-af823801be24\" href=\"http:\/\/sebu.ing.uni.wroc.pl\/wp-content\/uploads\/2019\/11\/dane_liczbowe-na-\u0107wiczenia.xlsx\">dane_liczbowe-na-\u0107wiczenia<\/a><a href=\"http:\/\/sebu.ing.uni.wroc.pl\/wp-content\/uploads\/2019\/11\/dane_liczbowe-na-\u0107wiczenia.xlsx\" class=\"wp-block-file__button wp-element-button\" download aria-describedby=\"wp-block-file--media-ea61e52b-62fb-4e68-b2df-af823801be24\">Pobierz<\/a><\/div>\n\n\n\n<div class=\"wp-block-file\"><a id=\"wp-block-file--media-5825dc90-b7b4-46ab-8634-d6b3d6a313e7\" href=\"http:\/\/sebu.ing.uni.wroc.pl\/wp-content\/uploads\/2019\/11\/dane_o_punktach.xls\">dane_o_punktach<\/a><a href=\"http:\/\/sebu.ing.uni.wroc.pl\/wp-content\/uploads\/2019\/11\/dane_o_punktach.xls\" class=\"wp-block-file__button wp-element-button\" download aria-describedby=\"wp-block-file--media-5825dc90-b7b4-46ab-8634-d6b3d6a313e7\">Pobierz<\/a><\/div>\n\n\n\n<p class=\"has-text-align-center\"> <strong><em>\u0106wiczenie 6<\/em><\/strong><\/p>\n\n\n\n<p>Zadanie: Zapoznaj si\u0119 z aktualnym Rozporz\u0105dzeniem Ministra &#8230; w sprawie kryteri\u00f3w i sposobu oceny stanu jednolitych cz\u0119\u015bci w\u00f3d podziemnych i jako\u015bci w\u00f3d przeznaczonych do spo\u017cycia. <\/p>\n\n\n\n<p>Maj\u0105c wyniki z bada\u0144 sk\u0142adu chemicznego w\u00f3d podziemnych w wybranym punkcie monitoringu zaklasyfikuj&nbsp; poszczeg\u00f3lne warto\u015bci do klas zgodnie z aktualnymi Rozporz\u0105dzeniami. <\/p>\n\n\n\n<p>Oceny dokonaj dla najstarszej i najm\u0142odszej pe\u0142nej analizy i okre\u015bl do kt\u00f3rej klasy jako\u015bci zaliczaj\u0105 si\u0119 badane wody, ich stan chemiczny, wska\u017aniki decyduj\u0105ce o przynale\u017cno\u015bci do klasy i przekroczenia dla w\u00f3d przeznaczonych do spo\u017cycia. <\/p>\n\n\n\n<p>Wykonaj\ntabel\u0119 klasyfikuj\u0105c\u0105 wody podziemne zgodnie ze wzorem poni\u017cej:<\/p>\n\n\n<div class=\"wp-block-image\">\n<figure class=\"aligncenter size-large is-resized\"><img decoding=\"async\" loading=\"lazy\" src=\"http:\/\/sebu.ing.uni.wroc.pl\/wp-content\/uploads\/2019\/11\/obraz.png\" alt=\"\" class=\"wp-image-456\" width=\"729\" height=\"121\" srcset=\"https:\/\/sebu.ing.uni.wroc.pl\/wp-content\/uploads\/2019\/11\/obraz.png 636w, https:\/\/sebu.ing.uni.wroc.pl\/wp-content\/uploads\/2019\/11\/obraz-300x50.png 300w\" sizes=\"(max-width: 729px) 100vw, 729px\" \/><\/figure><\/div>\n\n<div class=\"wp-block-image\">\n<figure class=\"aligncenter size-large\"><img decoding=\"async\" loading=\"lazy\" width=\"682\" height=\"73\" src=\"http:\/\/sebu.ing.uni.wroc.pl\/wp-content\/uploads\/2019\/11\/obraz-1.png\" alt=\"\" class=\"wp-image-457\" srcset=\"https:\/\/sebu.ing.uni.wroc.pl\/wp-content\/uploads\/2019\/11\/obraz-1.png 682w, https:\/\/sebu.ing.uni.wroc.pl\/wp-content\/uploads\/2019\/11\/obraz-1-300x32.png 300w\" sizes=\"(max-width: 682px) 100vw, 682px\" \/><\/figure><\/div>\n\n\n<div class=\"wp-block-file\"><a id=\"wp-block-file--media-d40107f2-e853-47ca-bc81-a0bdc49206b4\" href=\"http:\/\/sebu.ing.uni.wroc.pl\/wp-content\/uploads\/2021\/12\/dane-chemizm.zip\">dane chemizm<\/a><a href=\"http:\/\/sebu.ing.uni.wroc.pl\/wp-content\/uploads\/2021\/12\/dane-chemizm.zip\" class=\"wp-block-file__button wp-element-button\" download aria-describedby=\"wp-block-file--media-d40107f2-e853-47ca-bc81-a0bdc49206b4\">Pobierz<\/a><\/div>\n\n\n\n<p class=\"has-text-align-center\">  <strong><em>\u0106wiczenie 7<\/em><\/strong><\/p>\n\n\n\n<p>Zadanie: Analiza stanu JCWP. Na podstawie Rozporz\u0105dze\u0144 Ministra \u015arodowiska w sprawie:<\/p>\n\n\n\n<p>&#8211; form i sposobu prowadzenia monitoringu jednolitych cz\u0119\u015bci w\u00f3d\npowierzchniowych i podziemnych z dnia 15 listopada 2011,<\/p>\n\n\n\n<p>&#8211; sposobu\nklasyfikacji stanu jednolitych cz\u0119\u015bci w\u00f3d z dnia 22 pa\u017adziernika 2014<\/p>\n\n\n\n<p>oraz wynik\u00f3w\npomiaru w wybranym punkcie kontrolno-pomiarowym przeprowad\u017a klasyfikacj\u0119 jako\u015bci\nw\u00f3d w\noparciu o:<\/p>\n\n\n\n<p>&#8211; stan chemiczny jednolitych cz\u0119\u015bci\nw\u00f3d powierzchniowych, <\/p>\n\n\n\n<p>&#8211; stanu ekologicznego jednolitych cz\u0119\u015bci w\u00f3d powierzchniowych niewyznaczonych jako sztuczne lub silnie zmienione<\/p>\n\n\n\n<div class=\"wp-block-file\"><a id=\"wp-block-file--media-fd3cca05-ceea-45cf-9fb9-f8f0140c6f7e\" href=\"http:\/\/sebu.ing.uni.wroc.pl\/wp-content\/uploads\/2021\/12\/Dane-do-cw.-7.zip\">Dane do \u0107w. 7<\/a><a href=\"http:\/\/sebu.ing.uni.wroc.pl\/wp-content\/uploads\/2021\/12\/Dane-do-cw.-7.zip\" class=\"wp-block-file__button wp-element-button\" download aria-describedby=\"wp-block-file--media-fd3cca05-ceea-45cf-9fb9-f8f0140c6f7e\">Pobierz<\/a><\/div>\n\n\n\n<p class=\"has-text-align-center\"> <strong><em>\u0106wiczenie 8-11<\/em><\/strong><\/p>\n\n\n\n<p>Wp\u0142yw sk\u0142adowisk odpad\u00f3w na \u015brodowisko gruntowo-wodne <\/p>\n\n\n\n<p>Projektowanie, realizacja i monitoring sk\u0142adowisk\nodpad\u00f3w<\/p>\n\n\n\n<p>Etap I \u2013 Prace wst\u0119pne <\/p>\n\n\n\n<ol>\n<li>Analiza\narchiwalnych materia\u0142\u00f3w hydrogeologicznych <\/li>\n\n\n\n<li>Analiza\nmateria\u0142\u00f3w dotycz\u0105cych ogniska zanieczyszczenia (sk\u0142adowiska)<\/li>\n\n\n\n<li>Wizja\nmiejsca sk\u0142adowiska i jego otoczenia <\/li>\n\n\n\n<li>Wst\u0119pne\nbadania hydrogeologiczne i hydrologiczne w istniej\u0105cych studniach i ciekach <\/li>\n<\/ol>\n\n\n\n<p>Etap II &#8211; Opracowanie projektu monitoringu <\/p>\n\n\n\n<ol>\n<li>Charakterystyka\nogniska zanieczyszczenia <\/li>\n\n\n\n<li>Charakterystyka\nhydrogeologiczna rejonu sk\u0142adowiska <\/li>\n\n\n\n<li>Opis\nczynnik\u00f3w i warunk\u00f3w wp\u0142ywaj\u0105cych na zmiany w \u015brodowisku <\/li>\n\n\n\n<li>Okre\u015blenie\nzada\u0144 monitoringu<\/li>\n\n\n\n<li>Projekt\nsieci obserwacyjnej<\/li>\n\n\n\n<li>Okre\u015blenie\nmetodyki, zakresu i cz\u0119sto\u015bci pomiar\u00f3w <\/li>\n\n\n\n<li>Uzgodnieni\nkoncepcji monitoringu&nbsp;&nbsp; &nbsp;<\/li>\n<\/ol>\n\n\n\n<p>Etap III &#8211; Realizacja monitoringu <\/p>\n\n\n\n<ol>\n<li>Wykonanie\notwor\u00f3w obserwacyjnych (piezometr\u00f3w) lub adaptacja istniej\u0105cych <\/li>\n<\/ol>\n\n\n\n<p>Etap IV &#8211; Eksploatacja sk\u0142adowiska i realizacja\nmonitoringu <\/p>\n\n\n\n<ol>\n<li>Szczeg\u00f3\u0142owe\nrozpoznanie ogniska zanieczyszczenia (typy odpad\u00f3w, odciek\u00f3w)<\/li>\n\n\n\n<li>Wykonanie\nbada\u0144 w sieci obserwacyjnej <\/li>\n<\/ol>\n\n\n\n<p>Etap V \u2013 Opracowanie raportu o stanie i zagro\u017ceniach\nw\u00f3d podziemnych w rejonie sk\u0142adowiska <\/p>\n\n\n\n<p>1. Szczeg\u00f3\u0142owa\ncharakterystyka sk\u0142adowiska<\/p>\n\n\n\n<p>2. Okre\u015blenie jako\u015bci,\nstopnia i zasi\u0119gu zmian jako\u015bci w\u00f3d podziemnych <\/p>\n\n\n\n<p>3. Prognoza\nrozprzestrzeniani si\u0119 zanieczyszcze\u0144 i zagro\u017cenia uj\u0119\u0107<\/p>\n\n\n\n<p>4.Propozycje ograniczenia\nmigracji substancji szkodliwych <\/p>\n\n\n\n<p>5. Wytyczne i harmonogram\nbada\u0144 wieloletnich<\/p>\n\n\n\n<p>Ilo\u015b\u0107\ni rozmieszczenie punkt\u00f3w obserwacyjnych wok\u00f3\u0142 wysypiska odpad\u00f3w reguluje Rozporz\u0105dzenie Ministra \u015arodowiska z\ndnia 30 kwietnia 2013 r. w sprawie\nsk\u0142adowisk odpad\u00f3w, kt\u00f3re stwierdza i\u017c minimalna liczba to 3 punkty z\nczego jeden punkt powinien by\u0107 zlokalizowany na kierunku dop\u0142ywu w\u00f3d\npodziemnych, a kolejne na kierunku sp\u0142ywu w\u00f3d podziemnych w odpowiedniej odleg\u0142o\u015bci.<\/p>\n\n\n\n<p>Odleg\u0142o\u015bci\nte winny uwzgl\u0119dnia\u0107 czas migracji w\u00f3d od granic sk\u0142adowiska:<\/p>\n\n\n\n<p>200 dni (T1)<\/p>\n\n\n\n<p>2 lata&nbsp; (T2) <\/p>\n\n\n\n<p>Do\noblicze\u0144 nale\u017cy zastosowa\u0107 wz\u00f3r podany w Poradniku Metody badania i\nrozpoznawania wp\u0142ywu na \u015brodowisko gruntowo-wodne sk\u0142adowisk odpad\u00f3w (Adamek i\nin., 2000) . <\/p>\n\n\n\n<p>L1= U\u00b7T1\n<\/p>\n\n\n\n<p>gdzie L1 &#8211; odleg\u0142o\u015b\u0107 od granic sk\u0142adowiska, T1 = 200 dni<\/p>\n\n\n\n<p>U &#8211; \u015brednia pr\u0119dko\u015b\u0107\nprzep\u0142ywu w\u00f3d podziemnych &nbsp;<\/p>\n\n\n\n<p>oraz <\/p>\n\n\n\n<p>L2= U\u00b7T2\n<\/p>\n\n\n\n<p>gdzie L1- odleg\u0142o\u015b\u0107 od granic sk\u0142adowiska, T2 = 2 lata <\/p>\n\n\n\n<p>U &#8211; \u015brednia pr\u0119dko\u015b\u0107 przep\u0142ywu w\u00f3d podziemnych <\/p>\n\n\n\n<p>U=(k\u00b7J \/ ne)<\/p>\n\n\n\n<p>gdzie: k &#8211; wsp. filtracji [m\/d], J &#8211; spadek hydrauliczny, ne \u2013 porowato\u015b\u0107 efektywna , J = \u0394H\/L, \u0394H &#8211; r\u00f3\u017cnica wysoko\u015bci hydraulicznej, L &#8211; droga filtracji<\/p>\n\n\n\n<p><strong>Instrukcja\ndo \u0107wiczenia 8-11 <\/strong><\/p>\n\n\n\n<p>Schemat sieci\nobserwacyjnej sk\u0142adowiska odpad\u00f3w komunalnych .<\/p>\n\n\n\n<ol>\n<li>Na podstawie arkusza Mapy Geologicznej Polski, Hydrogeologicznej Polski w skali 1:50 000 (GPU i PPW) i dost\u0119pnych profili wierce\u0144 wyznacz optymaln\u0105 lokalizacj\u0119 sk\u0142adowiska odpad\u00f3w komunalnych. Narysuj schemat rozmieszczenia punkt\u00f3w monitoringu (piezometr\u00f3w) dla wybranej lokalizacji. Wykorzystaj zalecenia podane w Poradniku Metody badania i rozpoznawania wp\u0142ywu na \u015brodowisko gruntowo- wodne sk\u0142adowisk odpad\u00f3w (Adamek i in., 2000) i Rozporz\u0105dzeniu Min. \u015arodowiska z 30.04.2013. <\/li>\n\n\n\n<li>Okre\u015bl liczb\u0119 piezometr\u00f3w i pozycj\u0119 wg odpowiednich wzor\u00f3w. <\/li>\n\n\n\n<li>Wykonaj projekt sie\u0107 piezometr\u00f3w w zgodzie z wytycznymi z ROZPORZ\u0104DZENIA MINISTRA \u015aRODOWISKA z dnia 20 grudnia 2011 r. w sprawie szczeg\u00f3\u0142owych wymaga\u0144 dotycz\u0105cych projekt\u00f3w rob\u00f3t geologicznych, w tym rob\u00f3t, kt\u00f3rych wykonywanie wymaga uzyskania koncesji.<\/li>\n\n\n\n<li>Okre\u015bl program monitoringu dla fazy eksploatacji sk\u0142adowiska i zakres bada\u0144 zgodnie z Rozporz\u0105dzeniem Ministra \u015arodowiska z dnia 30 kwietnia 2013 r. w sprawie sk\u0142adowisk odpad\u00f3w . <\/li>\n<\/ol>\n","protected":false},"excerpt":{"rendered":"<p>\u0106wiczenie 1-2 Wykonaj map\u0119 i tabelaryczne zestawienie z lokalizacj\u0105 i charakterystyk\u0105&nbsp; punkt\u00f3w monitoringu w\u00f3d powierzchniowych i podziemnych. Powy\u017csze zadanie wykonaj dla wybranego powiatu z woj. dolno\u015bl\u0105skiego. Punkty monitoringu pozyskaj z Informatora o stanie \u015brodowiska (WIO\u015a) , Rocznik Pa\u0144stwowej S\u0142u\u017cby Hydrogeologicznej (PSH) oraz danych IMGW. Dodatkowo scharakteryzuj wybrany powiat zestawiaj\u0105c informacje o wyst\u0119puj\u0105cych na jego obszarze [&hellip;]<\/p>\n","protected":false},"author":1,"featured_media":0,"parent":0,"menu_order":0,"comment_status":"closed","ping_status":"closed","template":"","meta":[],"_links":{"self":[{"href":"https:\/\/sebu.ing.uni.wroc.pl\/index.php\/wp-json\/wp\/v2\/pages\/408"}],"collection":[{"href":"https:\/\/sebu.ing.uni.wroc.pl\/index.php\/wp-json\/wp\/v2\/pages"}],"about":[{"href":"https:\/\/sebu.ing.uni.wroc.pl\/index.php\/wp-json\/wp\/v2\/types\/page"}],"author":[{"embeddable":true,"href":"https:\/\/sebu.ing.uni.wroc.pl\/index.php\/wp-json\/wp\/v2\/users\/1"}],"replies":[{"embeddable":true,"href":"https:\/\/sebu.ing.uni.wroc.pl\/index.php\/wp-json\/wp\/v2\/comments?post=408"}],"version-history":[{"count":27,"href":"https:\/\/sebu.ing.uni.wroc.pl\/index.php\/wp-json\/wp\/v2\/pages\/408\/revisions"}],"predecessor-version":[{"id":598,"href":"https:\/\/sebu.ing.uni.wroc.pl\/index.php\/wp-json\/wp\/v2\/pages\/408\/revisions\/598"}],"wp:attachment":[{"href":"https:\/\/sebu.ing.uni.wroc.pl\/index.php\/wp-json\/wp\/v2\/media?parent=408"}],"curies":[{"name":"wp","href":"https:\/\/api.w.org\/{rel}","templated":true}]}}