{"id":407,"date":"2019-10-16T11:09:26","date_gmt":"2019-10-16T09:09:26","guid":{"rendered":"http:\/\/sebu.ing.uni.wroc.pl\/?page_id=407"},"modified":"2025-01-27T07:37:43","modified_gmt":"2025-01-27T06:37:43","slug":"prace-inzynierskie-inzynieria-geologiczna","status":"publish","type":"page","link":"https:\/\/sebu.ing.uni.wroc.pl\/index.php\/prace-inzynierskie-inzynieria-geologiczna\/","title":{"rendered":"Prace in\u017cynierskie in\u017cynieria geologiczna"},"content":{"rendered":"\n<p><strong>Propozycje temat\u00f3w<\/strong><\/p>\n\n\n\n<ul>\n<li><strong>Wodono\u015bno\u015b\u0107 dolin kopalnych w rejonie Wroc\u0142awia<\/strong><\/li>\n<\/ul>\n\n\n\n<hr class=\"wp-block-separator has-alpha-channel-opacity\"\/>\n\n\n\n<p><em><strong>Tematy zrealizowane<\/strong><\/em><\/p>\n\n\n\n<ul>\n<li><mark style=\"background-color:rgba(0, 0, 0, 0)\" class=\"has-inline-color has-black-color\">Analiza parowania z powierzchni wody dla projektowanego, otwartego, izolowanego od gruntu zbiornika wodnego (Julia Gawarzy\u0144ska)<\/mark><\/li>\n\n\n\n<li><mark style=\"background-color:rgba(0, 0, 0, 0)\" class=\"has-inline-color has-black-color\">Ocena retencyjna gruntu na potrzeby wymiarowania urz\u0105dze\u0144 infiltracyjnych dla dzia\u0142ek UWr. po\u0142o\u017conych przy ul. Cybulskiego i pl. M. Borna we Wroc\u0142awiu. (Wiktoria Katarzyna Broniewicz)<\/mark><\/li>\n\n\n\n<li><mark style=\"background-color:rgba(0, 0, 0, 0)\" class=\"has-inline-color has-black-color\">Starzenie si\u0119 studni i ich renowacja\u00a0(Miko\u0142aj \u0141akomiec)<\/mark><\/li>\n\n\n\n<li><mark style=\"background-color:rgba(0, 0, 0, 0)\" class=\"has-inline-color has-black-color\">Ustalenie wielko\u015bci sp\u0142ywu w\u00f3d opadowych na potrzeby wymiarowania urz\u0105dze\u0144 infiltracyjnych dla dzia\u0142ek UWr. po\u0142o\u017conych przy ul. Cybulskiego i pl. M. Borna we Wroc\u0142awiu<\/mark> (Micha\u0142 Lampart)<\/li>\n\n\n\n<li>Projekt rob\u00f3t geologicznych na wykonanie piezometr\u00f3w dla obserwacji \u015brodowiska gruntowo-wodnego w utworach czwartorz\u0119dowych na terenach wodono\u015bnych Wroc\u0142awia (Tomasz Starzyk)<\/li>\n\n\n\n<li>Wodono\u015bno\u015b\u0107 dolin kopalnych w rejonie Wroc\u0142awia (Micha\u0142 Stroka)<\/li>\n\n\n\n<li>Analiza parowania z powierzchni staw\u00f3w infiltracyjnych na terenach wodono\u015bnych MPWiK we Wroc\u0142awiu (Michalina Grontkowska)<\/li>\n\n\n\n<li>Wp\u0142yw sztucznej infiltracji na re\u017cim temperatury w\u00f3d podziemnych (Julia Wojtyra)<\/li>\n<\/ul>\n\n\n\n<p><\/p>\n\n\n\n<p><\/p>\n","protected":false},"excerpt":{"rendered":"<p>Propozycje temat\u00f3w Tematy zrealizowane<\/p>\n","protected":false},"author":1,"featured_media":0,"parent":0,"menu_order":0,"comment_status":"closed","ping_status":"closed","template":"","meta":[],"_links":{"self":[{"href":"https:\/\/sebu.ing.uni.wroc.pl\/index.php\/wp-json\/wp\/v2\/pages\/407"}],"collection":[{"href":"https:\/\/sebu.ing.uni.wroc.pl\/index.php\/wp-json\/wp\/v2\/pages"}],"about":[{"href":"https:\/\/sebu.ing.uni.wroc.pl\/index.php\/wp-json\/wp\/v2\/types\/page"}],"author":[{"embeddable":true,"href":"https:\/\/sebu.ing.uni.wroc.pl\/index.php\/wp-json\/wp\/v2\/users\/1"}],"replies":[{"embeddable":true,"href":"https:\/\/sebu.ing.uni.wroc.pl\/index.php\/wp-json\/wp\/v2\/comments?post=407"}],"version-history":[{"count":12,"href":"https:\/\/sebu.ing.uni.wroc.pl\/index.php\/wp-json\/wp\/v2\/pages\/407\/revisions"}],"predecessor-version":[{"id":692,"href":"https:\/\/sebu.ing.uni.wroc.pl\/index.php\/wp-json\/wp\/v2\/pages\/407\/revisions\/692"}],"wp:attachment":[{"href":"https:\/\/sebu.ing.uni.wroc.pl\/index.php\/wp-json\/wp\/v2\/media?parent=407"}],"curies":[{"name":"wp","href":"https:\/\/api.w.org\/{rel}","templated":true}]}}