{"id":406,"date":"2019-10-16T11:09:26","date_gmt":"2019-10-16T09:09:26","guid":{"rendered":"http:\/\/sebu.ing.uni.wroc.pl\/?page_id=406"},"modified":"2024-10-04T13:24:07","modified_gmt":"2024-10-04T11:24:07","slug":"prace-magisterskie-inzynieria-geologiczna","status":"publish","type":"page","link":"https:\/\/sebu.ing.uni.wroc.pl\/index.php\/prace-magisterskie-inzynieria-geologiczna\/","title":{"rendered":"Prace magisterskie in\u017cynieria geologiczna"},"content":{"rendered":"\n<p><em><strong>Wolne tematy<\/strong><\/em> <\/p>\n\n\n\n<ul>\n<li><mark style=\"background-color:rgba(0, 0, 0, 0)\" class=\"has-inline-color has-vivid-cyan-blue-color\">Wahania zwierciad\u0142a w\u00f3d podziemnych w obr\u0119bie struktury Bogdaszowice-Radakowice<\/mark><mark style=\"background-color:rgba(0, 0, 0, 0)\" class=\"has-inline-color has-vivid-cyan-blue-color\"><\/mark><\/li>\n\n\n\n<li><mark style=\"background-color:rgba(0, 0, 0, 0)\" class=\"has-inline-color has-vivid-cyan-blue-color\">Sezonowe zmiany temperatury w\u00f3d podziemnych neoge\u0144skiego pi\u0119tra wodono\u015bnego we E cz\u0119\u015bci GZWP 319<\/mark><\/li>\n\n\n\n<li><mark style=\"background-color:rgba(0, 0, 0, 0)\" class=\"has-inline-color has-vivid-cyan-blue-color\">Wahania zwierciad\u0142a w\u00f3d podziemnych w obr\u0119bie struktury kopalnej Ole\u015bnica-Niecisz\u00f3w<\/mark><\/li>\n\n\n\n<li>Odp\u0142yw ze zlewni zurbanizowanych we Wroc\u0142awiu na przyk\u0142adzie rzek Kasina i Broch\u00f3wka<\/li>\n<\/ul>\n\n\n\n<p class=\"has-vivid-cyan-blue-color has-text-color\"><\/p>\n\n\n\n<p><em><strong>Tematy zrealizowane<\/strong><\/em><\/p>\n\n\n\n<ul>\n<li>Re\u017cim zwierciad\u0142a i temperatury w\u00f3d na wybranych siedliskach wodozale\u017cnych G\u00f3r Izerskich (in\u017c. Tomasz Starzyk)<\/li>\n\n\n\n<li><mark style=\"background-color:rgba(0, 0, 0, 0)\" class=\"has-inline-color has-black-color\">Ocena mo\u017cliwo\u015bci retencyjnych warstw na potrzeby zagospodarowania w\u00f3d opadowych we Wroc\u0142awiu na przyk\u0142adzie osiedla Szczepin (in\u017c. Kacper Kolbusz)<\/mark><\/li>\n\n\n\n<li><mark style=\"background-color:rgba(0, 0, 0, 0)\" class=\"has-inline-color has-black-color\">Ocena mo\u017cliwo\u015bci retencyjnych warstw na potrzeby zagospodarowania w\u00f3d opadowych we Wroc\u0142awiu na przyk\u0142adzie osiedla Grabiszyn-Grabiszynek (in\u017c. Adam Kosidlak)<\/mark><\/li>\n\n\n\n<li><mark style=\"background-color:rgba(0, 0, 0, 0)\" class=\"has-inline-color has-black-color\">Ocena udzia\u0142u infiltracji w\u00f3d powierzchniowych w zasilaniu studni promienistej MPWiK przy wykorzystaniu metody termometrycznej &#8211; (in\u017c. Micha\u0142 Lampart<\/mark>)<\/li>\n\n\n\n<li><mark style=\"background-color:rgba(0, 0, 0, 0)\" class=\"has-inline-color has-black-color\">Re\u017cim temperatury w\u00f3d podziemnych na terenie wodono\u015bnym miasta Wroc\u0142awia (in\u017c. Daria Ko\u0142acz)<\/mark><\/li>\n<\/ul>\n\n\n\n<p><\/p>\n","protected":false},"excerpt":{"rendered":"<p>Wolne tematy Tematy zrealizowane<\/p>\n","protected":false},"author":1,"featured_media":0,"parent":0,"menu_order":0,"comment_status":"closed","ping_status":"closed","template":"","meta":[],"_links":{"self":[{"href":"https:\/\/sebu.ing.uni.wroc.pl\/index.php\/wp-json\/wp\/v2\/pages\/406"}],"collection":[{"href":"https:\/\/sebu.ing.uni.wroc.pl\/index.php\/wp-json\/wp\/v2\/pages"}],"about":[{"href":"https:\/\/sebu.ing.uni.wroc.pl\/index.php\/wp-json\/wp\/v2\/types\/page"}],"author":[{"embeddable":true,"href":"https:\/\/sebu.ing.uni.wroc.pl\/index.php\/wp-json\/wp\/v2\/users\/1"}],"replies":[{"embeddable":true,"href":"https:\/\/sebu.ing.uni.wroc.pl\/index.php\/wp-json\/wp\/v2\/comments?post=406"}],"version-history":[{"count":14,"href":"https:\/\/sebu.ing.uni.wroc.pl\/index.php\/wp-json\/wp\/v2\/pages\/406\/revisions"}],"predecessor-version":[{"id":674,"href":"https:\/\/sebu.ing.uni.wroc.pl\/index.php\/wp-json\/wp\/v2\/pages\/406\/revisions\/674"}],"wp:attachment":[{"href":"https:\/\/sebu.ing.uni.wroc.pl\/index.php\/wp-json\/wp\/v2\/media?parent=406"}],"curies":[{"name":"wp","href":"https:\/\/api.w.org\/{rel}","templated":true}]}}