{"id":188,"date":"2016-11-09T20:04:00","date_gmt":"2016-11-09T19:04:00","guid":{"rendered":"http:\/\/sebu.ing.uni.wroc.pl\/?page_id=188"},"modified":"2016-12-06T14:57:24","modified_gmt":"2016-12-06T13:57:24","slug":"cwiczenia-terenowe-hydrogeologia","status":"publish","type":"page","link":"https:\/\/sebu.ing.uni.wroc.pl\/index.php\/cwiczenia-terenowe-hydrogeologia\/","title":{"rendered":"\u0106wiczenia terenowe &#8211; Hydrogeologia&#8230;"},"content":{"rendered":"<p><a href=\"http:\/\/sebu.ing.uni.wroc.pl\/wp-content\/uploads\/2016\/11\/\u0106w.-teren.-Hydrogeologia-z-elementami-hydrologii.pdf\">Sylabus przedmiotu<\/a><\/p>\n<p>Omawiane zagadnienia \/tre\u015bci programowe\/<\/p>\n<p><b>Podstaw\u0105 ka\u017cdego badania zjawisk wodnych w terenie powinno by\u0107 kartowanie hydrograficzne, obejmuj\u0105ce rejestrowanie przejaw\u00f3w zawodnienia na podstawie zdj\u0119cia czy studium terenowego.\u00a0 W ramach \u0107wicze\u0144 terenowych uczestnik posi\u0105dzie umiej\u0119tno\u015b\u0107 prowadzenia obserwacji i pomiar\u00f3w obejmuj\u0105cych:<\/b><\/p>\n<p>Pomiary obj\u0119to\u015bciowego przep\u0142ywu w cieku<\/p>\n<ul>\n<li>Okre\u015blenie przep\u0142ywu w cieku za pomoc\u0105 m\u0142ynka hydrometrycznego<\/li>\n<li>\n<div data-canvas-width=\"182.40080000000003\">Okre\u015blenie przep\u0142ywu w cieku za pomoc\u0105 metody p\u0142ywakowej<\/div>\n<\/li>\n<li>Metody obliczeniowe\n<div data-canvas-width=\"182.40080000000003\"><\/div>\n<\/li>\n<\/ul>\n<p>Rejestracj\u0119 objaw\u00f3w zawodnienia warstwy wodono\u015bnych<\/p>\n<ul>\n<li>\n<div data-canvas-width=\"143.6232\">Charakterystyka wyp\u0142yw\u00f3w w\u00f3d podziemnych na powierzchni\u0119 terenu (\u017ar\u00f3d\u0142a i wysi\u0119ki)<\/div>\n<\/li>\n<li>Metody pomiaru wydajno\u015bci \u017ar\u00f3de\u0142 i wysi\u0119k\u00f3w (metoda wolumetryczna, przelewy)<\/li>\n<li>Pomiary parametr\u00f3w fizyko-chemicznych w\u00f3d w terenie<\/li>\n<li>Pobieranie pr\u00f3bek w\u00f3d do analiz laboratoryjnych ze \u017ar\u00f3de\u0142 oraz studni<\/li>\n<\/ul>\n\n\t\t<style type=\"text\/css\">\n\t\t\t#gallery-1 {\n\t\t\t\tmargin: auto;\n\t\t\t}\n\t\t\t#gallery-1 .gallery-item {\n\t\t\t\tfloat: left;\n\t\t\t\tmargin-top: 10px;\n\t\t\t\ttext-align: center;\n\t\t\t\twidth: 33%;\n\t\t\t}\n\t\t\t#gallery-1 img {\n\t\t\t\tborder: 2px solid #cfcfcf;\n\t\t\t}\n\t\t\t#gallery-1 .gallery-caption {\n\t\t\t\tmargin-left: 0;\n\t\t\t}\n\t\t\t\/* see gallery_shortcode() in wp-includes\/media.php *\/\n\t\t<\/style>\n\t\t<div id='gallery-1' class='gallery galleryid-188 gallery-columns-3 gallery-size-full'><dl class='gallery-item'>\n\t\t\t<dt class='gallery-icon landscape'>\n\t\t\t\t<a href='https:\/\/sebu.ing.uni.wroc.pl\/index.php\/cwiczenia-terenowe-hydrogeologia\/mlynkowanie\/'><img width=\"426\" height=\"320\" src=\"https:\/\/sebu.ing.uni.wroc.pl\/wp-content\/uploads\/2016\/11\/m\u0142ynkowanie.jpg\" class=\"attachment-full size-full no-lazy\" alt=\"\" decoding=\"async\" loading=\"lazy\" aria-describedby=\"gallery-1-241\" srcset=\"https:\/\/sebu.ing.uni.wroc.pl\/wp-content\/uploads\/2016\/11\/m\u0142ynkowanie.jpg 426w, https:\/\/sebu.ing.uni.wroc.pl\/wp-content\/uploads\/2016\/11\/m\u0142ynkowanie-300x225.jpg 300w\" sizes=\"(max-width: 426px) 100vw, 426px\" \/><\/a>\n\t\t\t<\/dt>\n\t\t\t\t<dd class='wp-caption-text gallery-caption' id='gallery-1-241'>\n\t\t\t\tPomiar nat\u0119\u017cenia przep\u0142ywu w ciekach\n\t\t\t\t<\/dd><\/dl><dl class='gallery-item'>\n\t\t\t<dt class='gallery-icon landscape'>\n\t\t\t\t<a href='https:\/\/sebu.ing.uni.wroc.pl\/index.php\/cwiczenia-terenowe-hydrogeologia\/pomiar-q\/'><img width=\"498\" height=\"374\" src=\"https:\/\/sebu.ing.uni.wroc.pl\/wp-content\/uploads\/2016\/11\/pomiar-Q.jpg\" class=\"attachment-full size-full no-lazy\" alt=\"\" decoding=\"async\" loading=\"lazy\" aria-describedby=\"gallery-1-244\" srcset=\"https:\/\/sebu.ing.uni.wroc.pl\/wp-content\/uploads\/2016\/11\/pomiar-Q.jpg 498w, https:\/\/sebu.ing.uni.wroc.pl\/wp-content\/uploads\/2016\/11\/pomiar-Q-300x225.jpg 300w\" sizes=\"(max-width: 498px) 100vw, 498px\" \/><\/a>\n\t\t\t<\/dt>\n\t\t\t\t<dd class='wp-caption-text gallery-caption' id='gallery-1-244'>\n\t\t\t\tPomiar metod\u0105 wolumentryczn\u0105\n\t\t\t\t<\/dd><\/dl><dl class='gallery-item'>\n\t\t\t<dt class='gallery-icon landscape'>\n\t\t\t\t<a href='https:\/\/sebu.ing.uni.wroc.pl\/index.php\/cwiczenia-terenowe-hydrogeologia\/oprobowanie\/'><img width=\"450\" height=\"338\" src=\"https:\/\/sebu.ing.uni.wroc.pl\/wp-content\/uploads\/2016\/11\/oprobowanie.jpg\" class=\"attachment-full size-full no-lazy\" alt=\"\" decoding=\"async\" loading=\"lazy\" aria-describedby=\"gallery-1-243\" srcset=\"https:\/\/sebu.ing.uni.wroc.pl\/wp-content\/uploads\/2016\/11\/oprobowanie.jpg 450w, https:\/\/sebu.ing.uni.wroc.pl\/wp-content\/uploads\/2016\/11\/oprobowanie-300x225.jpg 300w\" sizes=\"(max-width: 450px) 100vw, 450px\" \/><\/a>\n\t\t\t<\/dt>\n\t\t\t\t<dd class='wp-caption-text gallery-caption' id='gallery-1-243'>\n\t\t\t\tPomiar i pob\u00f3r pr\u00f3bek w studniach\n\t\t\t\t<\/dd><\/dl><br style=\"clear: both\" \/><dl class='gallery-item'>\n\t\t\t<dt class='gallery-icon landscape'>\n\t\t\t\t<a href='https:\/\/sebu.ing.uni.wroc.pl\/index.php\/cwiczenia-terenowe-hydrogeologia\/analizy\/'><img width=\"506\" height=\"380\" src=\"https:\/\/sebu.ing.uni.wroc.pl\/wp-content\/uploads\/2016\/11\/analizy.jpg\" class=\"attachment-full size-full no-lazy\" alt=\"\" decoding=\"async\" loading=\"lazy\" aria-describedby=\"gallery-1-245\" srcset=\"https:\/\/sebu.ing.uni.wroc.pl\/wp-content\/uploads\/2016\/11\/analizy.jpg 506w, https:\/\/sebu.ing.uni.wroc.pl\/wp-content\/uploads\/2016\/11\/analizy-300x225.jpg 300w\" sizes=\"(max-width: 506px) 100vw, 506px\" \/><\/a>\n\t\t\t<\/dt>\n\t\t\t\t<dd class='wp-caption-text gallery-caption' id='gallery-1-245'>\n\t\t\t\tPomiar parametr\u00f3w fizyko-chemicznych\n\t\t\t\t<\/dd><\/dl><dl class='gallery-item'>\n\t\t\t<dt class='gallery-icon landscape'>\n\t\t\t\t<a href='https:\/\/sebu.ing.uni.wroc.pl\/index.php\/cwiczenia-terenowe-hydrogeologia\/analizy_1\/'><img width=\"498\" height=\"374\" src=\"https:\/\/sebu.ing.uni.wroc.pl\/wp-content\/uploads\/2016\/11\/analizy_1.jpg\" class=\"attachment-full size-full no-lazy\" alt=\"\" decoding=\"async\" loading=\"lazy\" aria-describedby=\"gallery-1-242\" srcset=\"https:\/\/sebu.ing.uni.wroc.pl\/wp-content\/uploads\/2016\/11\/analizy_1.jpg 498w, https:\/\/sebu.ing.uni.wroc.pl\/wp-content\/uploads\/2016\/11\/analizy_1-300x225.jpg 300w\" sizes=\"(max-width: 498px) 100vw, 498px\" \/><\/a>\n\t\t\t<\/dt>\n\t\t\t\t<dd class='wp-caption-text gallery-caption' id='gallery-1-242'>\n\t\t\t\tAnaliza sk\u0142adu chemicznego w\u00f3d\n\t\t\t\t<\/dd><\/dl><dl class='gallery-item'>\n\t\t\t<dt class='gallery-icon landscape'>\n\t\t\t\t<a href='https:\/\/sebu.ing.uni.wroc.pl\/wykonanie-map\/'><img width=\"418\" height=\"314\" src=\"https:\/\/sebu.ing.uni.wroc.pl\/wp-content\/uploads\/2016\/12\/wykonanie-map.jpg\" class=\"attachment-full size-full no-lazy\" alt=\"\" decoding=\"async\" loading=\"lazy\" aria-describedby=\"gallery-1-249\" srcset=\"https:\/\/sebu.ing.uni.wroc.pl\/wp-content\/uploads\/2016\/12\/wykonanie-map.jpg 418w, https:\/\/sebu.ing.uni.wroc.pl\/wp-content\/uploads\/2016\/12\/wykonanie-map-300x225.jpg 300w\" sizes=\"(max-width: 418px) 100vw, 418px\" \/><\/a>\n\t\t\t<\/dt>\n\t\t\t\t<dd class='wp-caption-text gallery-caption' id='gallery-1-249'>\n\t\t\t\tWykonanie bazy danych i map wynikowych\n\t\t\t\t<\/dd><\/dl><br style=\"clear: both\" \/>\n\t\t<\/div>\n\n","protected":false},"excerpt":{"rendered":"<p>Sylabus przedmiotu Omawiane zagadnienia \/tre\u015bci programowe\/ Podstaw\u0105 ka\u017cdego badania zjawisk wodnych w terenie powinno by\u0107 kartowanie hydrograficzne, obejmuj\u0105ce rejestrowanie przejaw\u00f3w zawodnienia na podstawie zdj\u0119cia czy studium terenowego.\u00a0 W ramach \u0107wicze\u0144 terenowych uczestnik posi\u0105dzie umiej\u0119tno\u015b\u0107 prowadzenia obserwacji i pomiar\u00f3w obejmuj\u0105cych: Pomiary obj\u0119to\u015bciowego przep\u0142ywu w cieku Okre\u015blenie przep\u0142ywu w cieku za pomoc\u0105 m\u0142ynka hydrometrycznego Okre\u015blenie przep\u0142ywu w [&hellip;]<\/p>\n","protected":false},"author":1,"featured_media":0,"parent":0,"menu_order":0,"comment_status":"closed","ping_status":"closed","template":"","meta":[],"_links":{"self":[{"href":"https:\/\/sebu.ing.uni.wroc.pl\/index.php\/wp-json\/wp\/v2\/pages\/188"}],"collection":[{"href":"https:\/\/sebu.ing.uni.wroc.pl\/index.php\/wp-json\/wp\/v2\/pages"}],"about":[{"href":"https:\/\/sebu.ing.uni.wroc.pl\/index.php\/wp-json\/wp\/v2\/types\/page"}],"author":[{"embeddable":true,"href":"https:\/\/sebu.ing.uni.wroc.pl\/index.php\/wp-json\/wp\/v2\/users\/1"}],"replies":[{"embeddable":true,"href":"https:\/\/sebu.ing.uni.wroc.pl\/index.php\/wp-json\/wp\/v2\/comments?post=188"}],"version-history":[{"count":7,"href":"https:\/\/sebu.ing.uni.wroc.pl\/index.php\/wp-json\/wp\/v2\/pages\/188\/revisions"}],"predecessor-version":[{"id":251,"href":"https:\/\/sebu.ing.uni.wroc.pl\/index.php\/wp-json\/wp\/v2\/pages\/188\/revisions\/251"}],"wp:attachment":[{"href":"https:\/\/sebu.ing.uni.wroc.pl\/index.php\/wp-json\/wp\/v2\/media?parent=188"}],"curies":[{"name":"wp","href":"https:\/\/api.w.org\/{rel}","templated":true}]}}