{"id":183,"date":"2016-11-09T20:02:47","date_gmt":"2016-11-09T19:02:47","guid":{"rendered":"http:\/\/sebu.ing.uni.wroc.pl\/?page_id=183"},"modified":"2024-10-08T10:12:46","modified_gmt":"2024-10-08T08:12:46","slug":"hydrologia","status":"publish","type":"page","link":"https:\/\/sebu.ing.uni.wroc.pl\/index.php\/hydrologia\/","title":{"rendered":"Hydrologia &#8211; \u0107wiczenia"},"content":{"rendered":"<p><a href=\"http:\/\/sebu.ing.uni.wroc.pl\/wp-content\/uploads\/2016\/11\/Hydrologia.pdf\">Sylabus przedmiotu<\/a><\/p>\n<p><a href=\"http:\/\/sebu.ing.uni.wroc.pl\/wp-content\/uploads\/2016\/11\/Wykaz-zlewni-i-posterunk\u00f3w.pdf\">\u00a0\u00a0\u00a0\u00a0\u00a0\u00a0\u00a0\u00a0\u00a0 Wykaz zlewni i posterunk\u00f3w<\/a><\/p>\n<p>Podr\u0119cznik do \u0107wicze\u0144 &#8211; <em>HYDROLOGIA Przewodnik<\/em> <em>do \u0107wicze\u0144 laboratoryjnych i terenowych.<\/em> Wyd. Ocean, Wroc\u0142aw.<\/p>\n<p><strong>TEMATY SPRAWOZDA\u0143<br \/>\n<\/strong><\/p>\n<p>1-3.<strong> <a href=\"http:\/\/sebu.ing.uni.wroc.pl\/wp-content\/uploads\/2024\/10\/Geometryczne-wlasciwosci-zlewni.pdf\">Geometryczne w\u0142a\u015bciwo\u015bci zlewni<\/a> <\/strong><\/p>\n<p>4-6.<strong> <a href=\"http:\/\/sebu.ing.uni.wroc.pl\/wp-content\/uploads\/2024\/10\/Wyznaczenie-sredniego-opadu-w-zlewni-1.pdf\">Wyznaczenie \u015bredniego opadu w zlewni<\/a> <\/strong><\/p>\n<p>7.\u00a0<a href=\"http:\/\/sebu.ing.uni.wroc.pl\/wp-content\/uploads\/2024\/10\/Pomiary-przeplywu-w-ciekach-\u2013-czesc-I-metody-bezposrednie.pdf\"><strong>Pomiary przep\u0142ywu w ciekach \u2013 cz\u0119\u015b\u0107 I\u00a0 metody bezpo\u015brednie<\/strong><\/a><\/p>\n<p>8.<strong> <a href=\"http:\/\/sebu.ing.uni.wroc.pl\/wp-content\/uploads\/2024\/10\/Pomiary-przeplywu-w-ciekach-\u2013-czesc-II-metody-posrednie.pdf\">Pomiary przep\u0142ywu w ciekach \u2013 cz\u0119\u015b\u0107 II\u00a0 metody po\u015brednie<\/a><\/strong><\/p>\n<p>9.\u00a0<a href=\"http:\/\/sebu.ing.uni.wroc.pl\/wp-content\/uploads\/2024\/10\/Odplyw-ze-zlewni.pdf\"><strong>\u00a0Odp\u0142yw ze zlewni<\/strong><\/a><\/p>\n<p>10.<strong>\u00a0<\/strong><a href=\"http:\/\/sebu.ing.uni.wroc.pl\/wp-content\/uploads\/2024\/10\/Parowanie-ze-zlewni.pdf\"><strong>Parowanie ze zlewni<\/strong><\/a><\/p>\n<p>11.<strong> <a href=\"http:\/\/sebu.ing.uni.wroc.pl\/wp-content\/uploads\/2024\/10\/Retencja-strefy-saturacji.pdf\">Retencja strefy saturacji<\/a><br \/>\n<\/strong><\/p>\n<p>12.<strong> <a href=\"http:\/\/sebu.ing.uni.wroc.pl\/wp-content\/uploads\/2024\/10\/Bilans-wodny-zlewni.pdf\">Bilans wodny zlewni<\/a><br \/>\n<\/strong><\/p>\n<p><strong>KRYTERIA OCENY ZE SPRAWOZDA\u0143:<\/strong><\/p>\n<ol>\n<li>Zgodno\u015b\u0107 wyznaczania obszar\u00f3w na mapie z zasadami opisanymi w trakcie zaj\u0119\u0107.<\/li>\n<li>Poprawno\u015b\u0107 oblicze\u0144.<\/li>\n<li>Poprawno\u015b\u0107 cz\u0119\u015bci tekstowej (sugeruj\u0105ca zrozumienie tematu).<\/li>\n<li>Czytelno\u015b\u0107.<\/li>\n<li>Punktualno\u015b\u0107.<\/li>\n<\/ol>\n<p><strong>OG\u00d3LNE ZASADY WYKONYWANIA SPRAWOZDA\u0143:<\/strong><\/p>\n<ol>\n<li style=\"list-style-type: none;\">\n<ul>\n<li>Mapy powinny zawiera\u0107 legend\u0119, skal\u0119, tytu\u0142, autora, zgodnie z zasadami przyj\u0119tymi w dokumentacjach.<\/li>\n<li>Cz\u0119\u015b\u0107 tekstowa nie mo\u017ce by\u0107 wykonana o\u0142\u00f3wkiem.<\/li>\n<li>Wszelkie wzory powinny by\u0107 zaopatrzone w obja\u015bnienia wyst\u0119puj\u0105cych wielko\u015bci.<\/li>\n<li>Sprawozdanie nie mo\u017ce by\u0107 wykonane na lu\u017anych kartkach, ale spi\u0119te w ca\u0142o\u015b\u0107 razem z mapami.<\/li>\n<\/ul>\n<\/li>\n<\/ol>\n<p><strong>QGIS<\/strong><br \/>\n<a href=\"https:\/\/suw.biblos.pk.edu.pl\/resourceDetailsRPK&amp;rId=75823\">Szczepanek Robert Systemy informacji przestrzennej z QGIS : podr\u0119cznik akademicki. Cz. 1 i 2<\/a><br \/>\n<a href=\"http:\/\/www.dts.put.poznan.pl\/samouczek-qgis\/\">Samouczek do QGIS 3.2<\/a><br \/>\n<a href=\"http:\/\/www.dts.put.poznan.pl\/wp-content\/uploads\/QGIS\/20170602_Systemy_informacji_przestrzennej_z_QGIS_2_18.pdf\">Systemy informacji przestrzennej z QGIS 2.18<\/a><\/p>\n<p><a href=\"https:\/\/www.geoportal.gov.pl\/uslugi\/usluga-przegladania-wms\">WMS Geoportal<\/a><br \/>\n<a href=\"https:\/\/gis-support.pl\/baza-wiedzy\/dane-do-pobrania\/\">Dane do pobierania<\/a><br \/>\n<a href=\"https:\/\/www.eea.europa.eu\/data-and-maps\/data\/clc-2012-vector\">Corine Land Cover 2012<\/a><\/p>\n","protected":false},"excerpt":{"rendered":"<p>Sylabus przedmiotu \u00a0\u00a0\u00a0\u00a0\u00a0\u00a0\u00a0\u00a0\u00a0 Wykaz zlewni i posterunk\u00f3w Podr\u0119cznik do \u0107wicze\u0144 &#8211; HYDROLOGIA Przewodnik do \u0107wicze\u0144 laboratoryjnych i terenowych. Wyd. Ocean, Wroc\u0142aw. TEMATY SPRAWOZDA\u0143 1-3. Geometryczne w\u0142a\u015bciwo\u015bci zlewni 4-6. Wyznaczenie \u015bredniego opadu w zlewni 7.\u00a0Pomiary przep\u0142ywu w ciekach \u2013 cz\u0119\u015b\u0107 I\u00a0 metody bezpo\u015brednie 8. Pomiary przep\u0142ywu w ciekach \u2013 cz\u0119\u015b\u0107 II\u00a0 metody po\u015brednie 9.\u00a0\u00a0Odp\u0142yw ze zlewni [&hellip;]<\/p>\n","protected":false},"author":1,"featured_media":0,"parent":0,"menu_order":0,"comment_status":"closed","ping_status":"closed","template":"","meta":[],"_links":{"self":[{"href":"https:\/\/sebu.ing.uni.wroc.pl\/index.php\/wp-json\/wp\/v2\/pages\/183"}],"collection":[{"href":"https:\/\/sebu.ing.uni.wroc.pl\/index.php\/wp-json\/wp\/v2\/pages"}],"about":[{"href":"https:\/\/sebu.ing.uni.wroc.pl\/index.php\/wp-json\/wp\/v2\/types\/page"}],"author":[{"embeddable":true,"href":"https:\/\/sebu.ing.uni.wroc.pl\/index.php\/wp-json\/wp\/v2\/users\/1"}],"replies":[{"embeddable":true,"href":"https:\/\/sebu.ing.uni.wroc.pl\/index.php\/wp-json\/wp\/v2\/comments?post=183"}],"version-history":[{"count":22,"href":"https:\/\/sebu.ing.uni.wroc.pl\/index.php\/wp-json\/wp\/v2\/pages\/183\/revisions"}],"predecessor-version":[{"id":684,"href":"https:\/\/sebu.ing.uni.wroc.pl\/index.php\/wp-json\/wp\/v2\/pages\/183\/revisions\/684"}],"wp:attachment":[{"href":"https:\/\/sebu.ing.uni.wroc.pl\/index.php\/wp-json\/wp\/v2\/media?parent=183"}],"curies":[{"name":"wp","href":"https:\/\/api.w.org\/{rel}","templated":true}]}}