{"id":170,"date":"2016-11-08T16:05:00","date_gmt":"2016-11-08T15:05:00","guid":{"rendered":"http:\/\/sebu.ing.uni.wroc.pl\/?page_id=170"},"modified":"2021-04-29T14:17:56","modified_gmt":"2021-04-29T12:17:56","slug":"oferta","status":"publish","type":"page","link":"https:\/\/sebu.ing.uni.wroc.pl\/index.php\/oferta\/","title":{"rendered":"Wsp\u00f3\u0142praca"},"content":{"rendered":"<p>Opieraj\u0105c si\u0119 na tradycji i nowoczesno\u015bci uczelni, kt\u00f3r\u0105 reprezentuj\u0119 proponuj\u0119 realizacj\u0119 bada\u0144 naukowych z gwarancj\u0105 zachowania najwy\u017cszych standard\u00f3w. W pracy stosuj\u0119 rozwi\u0105zania systemowe, traktuj\u0105c obiekt bada\u0144 ca\u0142o\u015bciowo, jako elementy \u015bci\u015ble powi\u0105zanych \u015brodowisk, zgodnie z zasad\u0105, \u017ce \u201esuma to wi\u0119cej ni\u017c tylko jej sk\u0142adniki\u201d. Podej\u015bcie takie pozwala unikn\u0105\u0107 b\u0142\u0119d\u00f3w pope\u0142nianych przy analizie jedynie pojedynczych parametr\u00f3w.<\/p>\n<p>Wykorzystanie aparatury badawczej i dedykowanego oprogramowania u\u0142atwia kompleksow\u0105 realizacj\u0119 zada\u0144 z zakresu hydrogeologii, hydrologii i ochrony \u015brodowiska, natomiast do\u015bwiadczenie zespo\u0142u os\u00f3b, z kt\u00f3rymi wsp\u00f3\u0142pracuj\u0119 pozwala na realizacj\u0119 bada\u0144 dla bran\u017cy g\u00f3rniczej, chemicznej oraz rolnictwa i organ\u00f3w administracji lokalnej lub regionalnej.\u00a0 Sta\u0142a wsp\u00f3\u0142praca ze sprawdzonymi partnerami, kt\u00f3rymi s\u0105 r\u00f3wnie\u017c eksperci z innych bran\u017c pozwala na szybkie kompleksowe rozwi\u0105zywanie wielu z\u0142o\u017conych zagadnie\u0144, takich jak na przyk\u0142ad problemy wp\u0142ywu w\u00f3d na obiekty budowlane czy problemy o charakterze prawnym.<\/p>\n<p><strong>Zakres realizowanych prac obejmuje mi\u0119dzy innymi:<\/strong><\/p>\n<ul>\n<li>opracowanie modeli poj\u0119ciowych i numerycznych system\u00f3w i struktur wodono\u015bnych,<\/li>\n<li>analiza dop\u0142ywu wody do wyrobisk g\u00f3rniczych z wykorzystaniem modelowania numerycznego oraz metod analitycznych,<\/li>\n<li>opracowanie koncepcji odwodnienia zak\u0142ad\u00f3w g\u00f3rniczych,<\/li>\n<li>monitoring ilo\u015bciowy i jako\u015bciowy w\u00f3d podziemnych oraz projektowanie sieci monitoringowych,<\/li>\n<li>oceny wra\u017cliwo\u015bci w\u00f3d podziemnych na zanieczyszczenie,<\/li>\n<li>pob\u00f3r pr\u00f3bek wraz z ocen\u0105 jako\u015bci w\u00f3d i gleb,<\/li>\n<li>analiza podtopie\u0144 i osusze\u0144 terenu (w tym osuszenia studni),<\/li>\n<li>okre\u015blanie zasi\u0119gu wp\u0142ywu odwodnie\u0144 g\u00f3rniczych,<\/li>\n<li>okre\u015blenie wp\u0142ywu inwestycji na wody podziemne,<\/li>\n<li>bilansowanie i dokumentowanie zasob\u00f3w wodnych regionalnych struktur hydrogeologicznych i uj\u0119\u0107 wodnych,<\/li>\n<li>opracowanie bilans\u00f3w wodno-gospodarczych,<\/li>\n<li>projekty nowych studni, dokumentacje powykonawcze i nadzory hydrogeologiczne, koordynacja faz: projektowanie \u2013 wykonawstwo &#8211;\u00a0 u\u017cytkowanie inwestycji,<\/li>\n<li>weryfikacja rozwi\u0105za\u0144 projektowych,<\/li>\n<li>nadz\u00f3r nad realizacj\u0105, u\u017cytkowaniem inwestycji w zakresie problem\u00f3w eksploatacyjnych z ni\u0105 zwi\u0105zanych,<\/li>\n<li>operaty wodno-prawne, wyznaczanie stref ochronnych uj\u0119\u0107 w\u00f3d,<\/li>\n<li>kartowanie hydrologiczno-hydrogeologiczne, geologiczno-in\u017cynierskie i sozologiczne,<\/li>\n<li>ocena i prognoza zmian stosunk\u00f3w wodnych,<\/li>\n<li>ustalanie zasad ochrony system\u00f3w wodono\u015bnych; ocena wp\u0142ywu sk\u0142adowania odpad\u00f3w na \u015brodowisko wodno-gruntowe i jego minimalizacja,<\/li>\n<li>koncepcja zaopatrzenia w wod\u0119 (wytypowanie perspektywicznych teren\u00f3w pod budow\u0119 nowych uj\u0119\u0107),<\/li>\n<li>obliczanie zasob\u00f3w geotermalnych i mo\u017cliwo\u015bci wykorzystania energii cieplnej pozyskiwanej z w\u00f3d podziemnych i ska\u0142,<\/li>\n<li>systemowe rozwi\u0105zywania nietypowych problem\u00f3w hydrogeologicznych z zastosowaniem nowoczesnych metod badawczych<\/li>\n<li>dzia\u0142ania dydaktyczne (\u015bcie\u017cki dydaktyczne, warsztaty i zaj\u0119cia geo\u015brodowiskowe i proekologiczne dla szk\u00f3\u0142),<\/li>\n<li>wsp\u00f3lne planowanie prac naukowo-badawczych (sieci badawcze i monitoringowe &#8211; obserwacje jako\u015bci i stanu w\u00f3d i gleb) oraz wyst\u0119powanie w projektach krajowych i europejskich.<\/li>\n<\/ul>\n<p><strong>Dysponujemy profesjonalnym sprz\u0119tem i oprogramowaniem niezb\u0119dnym do realizacji wymienionych zada\u0144:<\/strong><\/p>\n<ul>\n<li>lekki i ci\u0119\u017cki r\u0119czny sprz\u0119t wiertniczy umo\u017cliwiaj\u0105cy prowadzenie wierce\u0144 max. do 30 m g\u0142\u0119boko\u015bci,<\/li>\n<li><a href=\"http:\/\/www.ing.uni.wroc.pl\/data\/files\/aparatura\/lib-numis-lite-mrs.pdf\">aparatura MRS do bada\u0144 geofizycznych zawodnienia utwor\u00f3w powierzchniowych (do 50 m g\u0142\u0119boko\u015bci),<\/a><\/li>\n<li>urz\u0105dzenia do prowadzenia pomiar\u00f3w hydrometrycznych (okresowych i stacjonarnych),<\/li>\n<li>pompy wodne umo\u017cliwiaj\u0105ce prowadzenie pompowa\u0144 w otworach wiertniczych,<\/li>\n<li>zaplecze aparaturowe do oznaczania parametr\u00f3w filtracyjnych utwor\u00f3w skalnych,<\/li>\n<li><a href=\"http:\/\/www.ing.uni.wroc.pl\/data\/files\/aparatura\/lib-chromatograf-cieczowy.pdf\">sprz\u0119t do oznaczania parametr\u00f3w fizyko-chemicznych wody i gleb,<\/a><\/li>\n<\/ul>\n<p><strong>Profesjonalne oprogramowanie wspomagaj\u0105ce procesy badawcze i decyzyjne w przemy\u015ble w zakresie:<\/strong><\/p>\n<ul>\n<li>modelowania proces\u00f3w filtracji i migracji zanieczyszcze\u0144 w\u00f3d podziemnych,<\/li>\n<li>zbierania, przetwarzania i prezentowania informacji w ramach GIS<\/li>\n<li>interpretacji i przedstawiania wynik\u00f3w bada\u0144 hydrogeochemicznych, w tym z zastosowaniem zaawansowanych metod statystycznych.<\/li>\n<\/ul>\n<p><a href=\"http:\/\/sebu.ing.uni.wroc.pl\/index.php\/prace-stosowane\/\"><strong>Do\u015bwiadczenie<\/strong><\/a><\/p>\n<p><strong><a href=\"http:\/\/sebu.ing.uni.wroc.pl\/index.php\/kontakt\/\">Kontakt<\/a><\/strong><\/p>\n","protected":false},"excerpt":{"rendered":"<p>Opieraj\u0105c si\u0119 na tradycji i nowoczesno\u015bci uczelni, kt\u00f3r\u0105 reprezentuj\u0119 proponuj\u0119 realizacj\u0119 bada\u0144 naukowych z gwarancj\u0105 zachowania najwy\u017cszych standard\u00f3w. W pracy stosuj\u0119 rozwi\u0105zania systemowe, traktuj\u0105c obiekt bada\u0144 ca\u0142o\u015bciowo, jako elementy \u015bci\u015ble powi\u0105zanych \u015brodowisk, zgodnie z zasad\u0105, \u017ce \u201esuma to wi\u0119cej ni\u017c tylko jej sk\u0142adniki\u201d. Podej\u015bcie takie pozwala unikn\u0105\u0107 b\u0142\u0119d\u00f3w pope\u0142nianych przy analizie jedynie pojedynczych parametr\u00f3w. Wykorzystanie [&hellip;]<\/p>\n","protected":false},"author":1,"featured_media":171,"parent":0,"menu_order":0,"comment_status":"closed","ping_status":"closed","template":"","meta":[],"_links":{"self":[{"href":"https:\/\/sebu.ing.uni.wroc.pl\/index.php\/wp-json\/wp\/v2\/pages\/170"}],"collection":[{"href":"https:\/\/sebu.ing.uni.wroc.pl\/index.php\/wp-json\/wp\/v2\/pages"}],"about":[{"href":"https:\/\/sebu.ing.uni.wroc.pl\/index.php\/wp-json\/wp\/v2\/types\/page"}],"author":[{"embeddable":true,"href":"https:\/\/sebu.ing.uni.wroc.pl\/index.php\/wp-json\/wp\/v2\/users\/1"}],"replies":[{"embeddable":true,"href":"https:\/\/sebu.ing.uni.wroc.pl\/index.php\/wp-json\/wp\/v2\/comments?post=170"}],"version-history":[{"count":9,"href":"https:\/\/sebu.ing.uni.wroc.pl\/index.php\/wp-json\/wp\/v2\/pages\/170\/revisions"}],"predecessor-version":[{"id":524,"href":"https:\/\/sebu.ing.uni.wroc.pl\/index.php\/wp-json\/wp\/v2\/pages\/170\/revisions\/524"}],"wp:featuredmedia":[{"embeddable":true,"href":"https:\/\/sebu.ing.uni.wroc.pl\/index.php\/wp-json\/wp\/v2\/media\/171"}],"wp:attachment":[{"href":"https:\/\/sebu.ing.uni.wroc.pl\/index.php\/wp-json\/wp\/v2\/media?parent=170"}],"curies":[{"name":"wp","href":"https:\/\/api.w.org\/{rel}","templated":true}]}}