{"id":157,"date":"2016-11-08T09:33:44","date_gmt":"2016-11-08T08:33:44","guid":{"rendered":"http:\/\/sebu.ing.uni.wroc.pl\/?page_id=157"},"modified":"2024-10-04T13:41:47","modified_gmt":"2024-10-04T11:41:47","slug":"prace-magisterskie-ochrona-srodowiska","status":"publish","type":"page","link":"https:\/\/sebu.ing.uni.wroc.pl\/index.php\/prace-magisterskie-ochrona-srodowiska\/","title":{"rendered":"Prace magisterskie ochrona \u015brodowiska"},"content":{"rendered":"<p><em><strong>Wolne tematy<\/strong><\/em><\/p>\n<p>&#8211; Warunki hydrogeologiczne zlewni Rudawki.<\/p>\n<p>&#8211; Wyst\u0119powanie i charakterystyka \u017ar\u00f3de\u0142 w rejonie Wzg\u00f3rz Trzebnickich.<\/p>\n<p>&#8211; Re\u017cim termiczny wybranych \u017ar\u00f3de\u0142 na obszarze Dolnego \u015al\u0105ska.<\/p>\n<p>&#8211; Wody podziemne w zlewni Brodka (Kotlina K\u0142odzka).<\/p>\n<p><em><strong>Tematy zrealizowane<\/strong><\/em><\/p>\n<p>&#8211; Szyma\u0144ska Agnieszka, 2011 &#8211; Oddzia\u0142ywanie Tarnobrzeskiej Specjalnej Strefy Ekonomicznej EURO-PARK WIS\u0141OSAN (podstrefa Kobierzyce) na \u015brodowisko gruntowo-wodne.<\/p>\n<p>&#8211; Jarzembski Maciej, 2012 &#8211; Wp\u0142yw pi\u0119trzenia w\u00f3d w zbiorniku retencyjnym \u201eMietk\u00f3w\u201d na wody podziemne \u2013 25 lat po powstaniu zbiornika.<\/p>\n<p>&#8211; Kido\u0144 Kamila, 2012 &#8211; Mo\u017cliwo\u015b\u0107 wykorzystania mocy cieplnej w\u00f3d podziemnych\u00a0dla potrzeb miasta Wroc\u0142awia.<\/p>\n<p>&#8211; Jagie\u0142ka Agnieszka, 2013 &#8211; Gospodarka wodami podziemnymi w wybranych gminach na terenie Dolnego \u015al\u0105ska.<\/p>\n","protected":false},"excerpt":{"rendered":"<p>Wolne tematy &#8211; Warunki hydrogeologiczne zlewni Rudawki. &#8211; Wyst\u0119powanie i charakterystyka \u017ar\u00f3de\u0142 w rejonie Wzg\u00f3rz Trzebnickich. &#8211; Re\u017cim termiczny wybranych \u017ar\u00f3de\u0142 na obszarze Dolnego \u015al\u0105ska. &#8211; Wody podziemne w zlewni Brodka (Kotlina K\u0142odzka). Tematy zrealizowane &#8211; Szyma\u0144ska Agnieszka, 2011 &#8211; Oddzia\u0142ywanie Tarnobrzeskiej Specjalnej Strefy Ekonomicznej EURO-PARK WIS\u0141OSAN (podstrefa Kobierzyce) na \u015brodowisko gruntowo-wodne. &#8211; Jarzembski Maciej, [&hellip;]<\/p>\n","protected":false},"author":1,"featured_media":0,"parent":0,"menu_order":0,"comment_status":"closed","ping_status":"closed","template":"","meta":[],"_links":{"self":[{"href":"https:\/\/sebu.ing.uni.wroc.pl\/index.php\/wp-json\/wp\/v2\/pages\/157"}],"collection":[{"href":"https:\/\/sebu.ing.uni.wroc.pl\/index.php\/wp-json\/wp\/v2\/pages"}],"about":[{"href":"https:\/\/sebu.ing.uni.wroc.pl\/index.php\/wp-json\/wp\/v2\/types\/page"}],"author":[{"embeddable":true,"href":"https:\/\/sebu.ing.uni.wroc.pl\/index.php\/wp-json\/wp\/v2\/users\/1"}],"replies":[{"embeddable":true,"href":"https:\/\/sebu.ing.uni.wroc.pl\/index.php\/wp-json\/wp\/v2\/comments?post=157"}],"version-history":[{"count":2,"href":"https:\/\/sebu.ing.uni.wroc.pl\/index.php\/wp-json\/wp\/v2\/pages\/157\/revisions"}],"predecessor-version":[{"id":677,"href":"https:\/\/sebu.ing.uni.wroc.pl\/index.php\/wp-json\/wp\/v2\/pages\/157\/revisions\/677"}],"wp:attachment":[{"href":"https:\/\/sebu.ing.uni.wroc.pl\/index.php\/wp-json\/wp\/v2\/media?parent=157"}],"curies":[{"name":"wp","href":"https:\/\/api.w.org\/{rel}","templated":true}]}}