{"id":114,"date":"2016-11-07T20:26:56","date_gmt":"2016-11-07T19:26:56","guid":{"rendered":"http:\/\/sebu.ing.uni.wroc.pl\/?page_id=114"},"modified":"2024-09-22T13:53:00","modified_gmt":"2024-09-22T11:53:00","slug":"o-mnie","status":"publish","type":"page","link":"https:\/\/sebu.ing.uni.wroc.pl\/index.php\/o-mnie\/","title":{"rendered":"O mnie"},"content":{"rendered":"\n<div class=\"wp-block-group is-layout-flow\"><div class=\"wp-block-group__inner-container\">\n<p><strong>2024-2028<\/strong> Prodziekan ds. rozwoju Wydzia\u0142u Nauk o Ziemi i Kszta\u0142towania \u015arodowiska UWr.<\/p>\n<p><strong>05.2024<\/strong> Erasmus +. Technische Universit\u00e4t Bergakademie Freiberg, Germany.<\/p>\n<p><strong>2021-2023<\/strong> Wsp\u00f3\u0142organizator warsztat\u00f3w podnosz\u0105cych kompetencje w ramach projektu\u00a0 \u201eZintegrowany Program Rozwoju Uniwersytetu Wroc\u0142awskiego 2018-2022\u201d<\/p>\n<p><strong>od <\/strong><strong>2019<\/strong> &#8211; kierownik Zak\u0142adu Hydrogeologii Podstawowej<\/p>\n<p><strong>2019<\/strong> &#8211; stopie\u0144 doktora habilitowanego<br \/><strong>2017<\/strong> &#8211; Sekretarz Komisji Rekrutacyjnej na studia drugiego stopnia geologia 2017\/2018<br \/><strong>2016-2020 <\/strong>&#8211; Cz\u0142onek zespo\u0142u do potwierdzania efekt\u00f3w uczenia si\u0119 dla kierunku geologia<br \/><strong>2016-2017<\/strong> &#8211; Sekretarz Komitetu Naukowego XVIII Sympozjum Wsp\u00f3\u0142czesne Problemy Hydrogeologii<br \/><strong>od 2016<\/strong> &#8211; Cz\u0142onek Stowarzyszenia Hydrogeolog\u00f3w Polskich<br \/><strong>2015<\/strong> &#8211; AS POLSKIEJ HYDROGEOLOGII &#8211; Nagroda Stowarzyszenia Hydrogeolog\u00f3w Polskich<br \/><strong>2013<\/strong> &#8211; Sankt-Petersburski Uniwersytet Pa\u0144stwowy \/pobyt w ramach um\u00f3w bilateralnych\/<br \/><strong>od 2011<\/strong> &#8211; Opiekun Sekcji Hydrogeologicznej Studenckiego Ko\u0142a Naukowego Geolog\u00f3w UWr.<br \/><strong>2010-2017<\/strong> &#8211; Kierownik studi\u00f3w podyplomowych\u00a0 \u201eGis i modelowanie przep\u0142ywu w\u00f3d podziemnych&#8221; \u2013 Nowa oferta edukacyjna Uniwersytetu Wroc\u0142awskiego odpowiedzi\u0105 na wsp\u00f3\u0142czesne potrzeby rynku pracy i gospodarki opartej na wiedzy w ramach Programu Operacyjnego Kapita\u0142 Ludzki<br \/><strong>2010<\/strong> &#8211; Freie Universit\u00e4t w Berline \/pobyt w ramach um\u00f3w bilateralnych\/<br \/><strong>2009<\/strong> &#8211; Uprawnienia geologiczne kat. V-1661<br \/><strong>2008<\/strong> &#8211; Uczestnik XXI Wroc\u0142awskiej Wyprawy Polarnej na Spitsbergen<br \/><strong>od 2008<\/strong> &#8211; Cz\u0142onek Polskiej Asocjacji Geotermalnej<br \/><strong>2007<\/strong> &#8211; Adiunkt w Zak\u0142adzie Hydrogeologii Podstawowej Instytutu Nauk Geologicznych Uniwersytetu Wroc\u0142awskiego<br \/><strong>2006-2011<\/strong> &#8211; Kierownik Laboratorium Metod Komputerowych w Geologii<br \/><strong>2006<\/strong> &#8211; Asystent w Zak\u0142adzie Hydrogeologii Podstawowej Instytutu Nauk Geologicznych Uniwersytetu Wroc\u0142awskiego<br \/><strong>2005<\/strong> &#8211; Samodzielny geolog w Centrum Modelowania Proces\u00f3w Hydrogeologicznych przy Instytucie Nauk Geologicznych<br \/><strong>2005<\/strong> &#8211; stopie\u0144 doktora Nauk o Ziemi w zakresie geologii<\/p>\n<\/div><\/div>\n","protected":false},"excerpt":{"rendered":"<p>2024-2028 Prodziekan ds. rozwoju Wydzia\u0142u Nauk o Ziemi i Kszta\u0142towania \u015arodowiska UWr. 05.2024 Erasmus +. Technische Universit\u00e4t Bergakademie Freiberg, Germany. 2021-2023 Wsp\u00f3\u0142organizator warsztat\u00f3w podnosz\u0105cych kompetencje w ramach projektu\u00a0 \u201eZintegrowany Program Rozwoju Uniwersytetu Wroc\u0142awskiego 2018-2022\u201d od 2019 &#8211; kierownik Zak\u0142adu Hydrogeologii Podstawowej 2019 &#8211; stopie\u0144 doktora habilitowanego2017 &#8211; Sekretarz Komisji Rekrutacyjnej na studia drugiego stopnia geologia [&hellip;]<\/p>\n","protected":false},"author":1,"featured_media":0,"parent":0,"menu_order":0,"comment_status":"closed","ping_status":"closed","template":"","meta":[],"_links":{"self":[{"href":"https:\/\/sebu.ing.uni.wroc.pl\/index.php\/wp-json\/wp\/v2\/pages\/114"}],"collection":[{"href":"https:\/\/sebu.ing.uni.wroc.pl\/index.php\/wp-json\/wp\/v2\/pages"}],"about":[{"href":"https:\/\/sebu.ing.uni.wroc.pl\/index.php\/wp-json\/wp\/v2\/types\/page"}],"author":[{"embeddable":true,"href":"https:\/\/sebu.ing.uni.wroc.pl\/index.php\/wp-json\/wp\/v2\/users\/1"}],"replies":[{"embeddable":true,"href":"https:\/\/sebu.ing.uni.wroc.pl\/index.php\/wp-json\/wp\/v2\/comments?post=114"}],"version-history":[{"count":20,"href":"https:\/\/sebu.ing.uni.wroc.pl\/index.php\/wp-json\/wp\/v2\/pages\/114\/revisions"}],"predecessor-version":[{"id":646,"href":"https:\/\/sebu.ing.uni.wroc.pl\/index.php\/wp-json\/wp\/v2\/pages\/114\/revisions\/646"}],"wp:attachment":[{"href":"https:\/\/sebu.ing.uni.wroc.pl\/index.php\/wp-json\/wp\/v2\/media?parent=114"}],"curies":[{"name":"wp","href":"https:\/\/api.w.org\/{rel}","templated":true}]}}