{"id":110,"date":"2016-11-07T19:09:29","date_gmt":"2016-11-07T18:09:29","guid":{"rendered":"http:\/\/sebu.ing.uni.wroc.pl\/?page_id=110"},"modified":"2018-02-14T11:30:21","modified_gmt":"2018-02-14T10:30:21","slug":"wydruki-wielkoformatowe","status":"publish","type":"page","link":"https:\/\/sebu.ing.uni.wroc.pl\/index.php\/wydruki-wielkoformatowe\/","title":{"rendered":"Wydruki wielkoformatowe"},"content":{"rendered":"<p>W celu ustalenia terminu wydruku prosz\u0119 o wcze\u015bniejszy kontakt E-mailowy lub telefoniczny (tel. 71 3759288)<\/p>\n<p>Wydruki wykonywane s\u0105 w pokoju 228 (ul. Cybulskiego 32, II p.)<\/p>\n<p><a href=\"http:\/\/sebu.ing.uni.wroc.pl\/wp-content\/uploads\/2018\/02\/lib-pl243en.zip\">sterownik drukarki HP designjet 500ps<\/a><\/p>\n<p><a href=\"http:\/\/sebu.ing.uni.wroc.pl\/wp-content\/uploads\/2018\/02\/paleta-barw-dla-papieru-powlekanego-CMYK-32-bity.pdf\">paleta barw dla papieru powlekanego CMYK 32 bity<\/a><\/p>\n<p><a href=\"http:\/\/sebu.ing.uni.wroc.pl\/wp-content\/uploads\/2018\/02\/paleta-barw-dla-papieru-fotograficznego-CMYK-32-bity.pdf\">paleta barw dla papieru fotograficznego CMYK 32 bity<\/a><img decoding=\"async\" loading=\"lazy\" class=\"size-medium wp-image-212 alignright\" src=\"http:\/\/sebu.ing.uni.wroc.pl\/wp-content\/uploads\/2016\/11\/Ploter-ING-Uwr-300x157.jpg\" alt=\"ploter-ing-uwr\" width=\"300\" height=\"157\" srcset=\"https:\/\/sebu.ing.uni.wroc.pl\/wp-content\/uploads\/2016\/11\/Ploter-ING-Uwr-300x157.jpg 300w, https:\/\/sebu.ing.uni.wroc.pl\/wp-content\/uploads\/2016\/11\/Ploter-ING-Uwr.jpg 450w\" sizes=\"(max-width: 300px) 100vw, 300px\" \/><\/p>\n","protected":false},"excerpt":{"rendered":"<p>W celu ustalenia terminu wydruku prosz\u0119 o wcze\u015bniejszy kontakt E-mailowy lub telefoniczny (tel. 71 3759288) Wydruki wykonywane s\u0105 w pokoju 228 (ul. Cybulskiego 32, II p.) sterownik drukarki HP designjet 500ps paleta barw dla papieru powlekanego CMYK 32 bity paleta barw dla papieru fotograficznego CMYK 32 bity<\/p>\n","protected":false},"author":1,"featured_media":212,"parent":0,"menu_order":0,"comment_status":"closed","ping_status":"closed","template":"","meta":[],"_links":{"self":[{"href":"https:\/\/sebu.ing.uni.wroc.pl\/index.php\/wp-json\/wp\/v2\/pages\/110"}],"collection":[{"href":"https:\/\/sebu.ing.uni.wroc.pl\/index.php\/wp-json\/wp\/v2\/pages"}],"about":[{"href":"https:\/\/sebu.ing.uni.wroc.pl\/index.php\/wp-json\/wp\/v2\/types\/page"}],"author":[{"embeddable":true,"href":"https:\/\/sebu.ing.uni.wroc.pl\/index.php\/wp-json\/wp\/v2\/users\/1"}],"replies":[{"embeddable":true,"href":"https:\/\/sebu.ing.uni.wroc.pl\/index.php\/wp-json\/wp\/v2\/comments?post=110"}],"version-history":[{"count":9,"href":"https:\/\/sebu.ing.uni.wroc.pl\/index.php\/wp-json\/wp\/v2\/pages\/110\/revisions"}],"predecessor-version":[{"id":328,"href":"https:\/\/sebu.ing.uni.wroc.pl\/index.php\/wp-json\/wp\/v2\/pages\/110\/revisions\/328"}],"wp:featuredmedia":[{"embeddable":true,"href":"https:\/\/sebu.ing.uni.wroc.pl\/index.php\/wp-json\/wp\/v2\/media\/212"}],"wp:attachment":[{"href":"https:\/\/sebu.ing.uni.wroc.pl\/index.php\/wp-json\/wp\/v2\/media?parent=110"}],"curies":[{"name":"wp","href":"https:\/\/api.w.org\/{rel}","templated":true}]}}